{"id":23711,"date":"2021-05-20T11:19:30","date_gmt":"2021-05-20T09:19:30","guid":{"rendered":"http:\/\/dev.cesam.community\/?page_id=23711"},"modified":"2026-03-16T17:53:23","modified_gmt":"2026-03-16T16:53:23","slug":"methode-et-outils","status":"publish","type":"page","link":"https:\/\/cesam.community\/fr\/methode-et-outils\/","title":{"rendered":"M\u00e9thode et outils"},"content":{"rendered":"<div class=\"wpb-content-wrapper\"><section id=\"bandeau livre Daniel\" data-vc-full-width=\"true\" data-vc-full-width-init=\"false\" class=\"vc_row wpb_row vc_row-fluid  vc_custom_1656596714713 vc_row-has-fill pofo-stretch-content pofo-stretch-row-container\"><div class=\"wpb_column vc_column_container vc_col-sm-12 vc_col-md-offset-1 vc_col-md-10 col-xs-mobile-fullwidth\"><div class=\"vc_column-inner \"><div class=\"wpb_wrapper\">[vc_single_image image=\u00a0\u00bb30494&Prime; img_size=\u00a0\u00bblarge\u00a0\u00bb onclick=\u00a0\u00bbcustom_link\u00a0\u00bb img_link_target=\u00a0\u00bb_blank\u00a0\u00bb link=\u00a0\u00bbhttps:\/\/www.amazon.fr\/Model-based-Systems-Architecting-Architect-Complex-ebook\/dp\/B0B493Q8Y8\/ref=sr_1_2?qid=1656490423&amp;refinements=p_27%3ADaniel+Krob&amp;s=books&amp;sr=1-2&Prime;]<\/div><\/div><\/div><\/section><div class=\"vc_row-full-width vc_clearfix\"><\/div><section class=\"vc_row wpb_row vc_row-fluid  vc_custom_1630501022213 pofo-row-responsive-69d7882ccfd4d\"><div class=\"wpb_column vc_column_container vc_col-sm-10 vc_col-md-offset-1 col-xs-mobile-fullwidth text-center\"><div class=\"vc_column-inner \"><div class=\"wpb_wrapper\"><h2 class=\"text-extra-large margin-25px-bottom display-block alt-font  pofo_font_1621864141791 text-uppercase heading-style3  vc_custom_1621864141794  heading-1\"  style=\"font-size: 60px; letter-spacing: 25px; font-weight: 700; color: #192841;\" data-fontsize=\"60px\">CESAM<\/h2><h2 class=\"text-extra-large margin-25px-bottom display-block alt-font  pofo_font_1621843601189 text-uppercase heading-style3  vc_custom_1621843601191  heading-2\"  style=\"font-size: 26px; line-height: 29px; font-weight: 500; color: #474747;\" data-fontsize=\"26px\" data-lineheight=\"29px\">un cadre d\u2019architecture<br \/>et de mod\u00e9lisation de syst\u00e8mes<\/h2><\/div><\/div><\/div><div class=\"wpb_column vc_column_container vc_col-sm-10 vc_col-sm-offset-1 vc_col-xs-12 pofo-column-responsive-69d7882ccfeb2\"><div class=\"vc_column-inner \"><div class=\"wpb_wrapper\"><div class=\"bigger-font-size last-paragraph-no-margin\"><p style=\"text-align: justify;\">Il a \u00e9t\u00e9 d\u00e9velopp\u00e9 depuis 2010, par <strong><span style=\"color: #192841;\"><a style=\"color: #192841;\" href=\"https:\/\/www.cesames.net\/\">CESAMES<\/a><\/span><\/strong>, en forte interaction avec de grands acteurs industriels.<\/p>\n<p style=\"text-align: justify;\">Ce cadre, destin\u00e9 aux architectes de syst\u00e8me, ing\u00e9nieurs et concepteurs, a pour but de les aider \u00e0 mieux ma\u00eetriser les syst\u00e8mes int\u00e9gr\u00e9s complexes sur lesquels ils travaillent au quotidien.<\/p>\n<p style=\"text-align: justify;\"><span style=\"color: #192841;\"><b>CESAM a 4 sp\u00e9cificit\u00e9s qui en font un cadre d\u2019architecture et un outil unique pour les entreprises :<\/b><\/span><\/p>\n<ul style=\"text-align: justify;\">\n<li>CESAM a des fondements math\u00e9matiques qui permettent d\u2019avoir une compr\u00e9hension partag\u00e9e et rigoureuse de l\u2019ensemble des concepts architecturaux qu\u2019il pr\u00e9sente =&gt;<span style=\"color: #192841;\"> <strong>compr\u00e9hension r\u00e9elle et efficace entre les diff\u00e9rentes parties prenantes<\/strong><\/span> intervenant dans la conception d\u2019un syst\u00e8me.<\/li>\n<li>Sur cette base, la vision architecturale propos\u00e9e par CESAM repr\u00e9sente le<span style=\"color: #192841;\"> <strong>\u00ab\u00a0juste n\u00e9cessaire\u00a0\u00bb pour mod\u00e9liser n\u2019importe quel syst\u00e8me int\u00e9gr\u00e9<\/strong> <\/span>=&gt; cette sp\u00e9cificit\u00e9 garantit la compl\u00e9tude d\u2019un mod\u00e8le de syst\u00e8me \u00e9labor\u00e9 selon la m\u00e9thode CESAM tout en assurant le fait qu\u2019il n\u2019y ait pas de travail de mod\u00e9lisation inutile r\u00e9alis\u00e9.<\/li>\n<li><span style=\"color: #192841;\"><strong>CESAM est facile \u00e0 rendre op\u00e9rationnel par les architectes de syst\u00e8mes mais aussi par les mod\u00e9lisateurs de syst\u00e8mes<\/strong><\/span> =&gt; CESAM a d\u00e9j\u00e0 fait ses preuves sur de nombreux types de syst\u00e8mes au sein de secteurs d\u2019activit\u00e9s vari\u00e9s (a\u00e9ronautique, automobile, d\u00e9fense et s\u00e9curit\u00e9, \u00e9nergie, transport\u2026).<\/li>\n<li>Le cadre d\u2019architecture CESAM, gr\u00e2ce \u00e0 son juste niveau d\u2019abstraction, <span style=\"color: #192841;\"><strong>peut \u00eatre impl\u00e9ment\u00e9 et utilis\u00e9 avec tous les cadres de mod\u00e9lisation de syst\u00e8mes et les outils logiciels du march\u00e9.<\/strong><\/span><\/li>\n<\/ul>\n<p style=\"text-align: justify;\">Enfin, l\u2019objectif de CESAM est de proposer un cadre d\u2019architecture g\u00e9n\u00e9rique mais \u00e9galement, in fine et progressivement, d\u2019offrir des cadres d\u2019architecture de syst\u00e8mes de haut niveau, sp\u00e9cifiques \u00e0 des domaines d\u2019application industriels (les premiers seront l\u2019a\u00e9ronautique et l\u2019automobile). Ceci dans le but de faciliter le travail des architectes syst\u00e8mes au sein de ces activit\u00e9s.<\/p>\n<\/div><\/div><\/div><\/div><\/section><section class=\"vc_row wpb_row vc_row-fluid  vc_custom_1630500166859 vc_row-has-fill pofo-row-responsive-69d7882ccffc0\"><div class=\"wpb_column vc_column_container vc_col-sm-10 vc_col-sm-offset-1 vc_col-xs-12\"><div class=\"vc_column-inner \"><div class=\"wpb_wrapper\"><h2 class=\"text-extra-large margin-25px-bottom display-inline-block alt-font text-uppercase heading-style3  vc_custom_1630500373081  heading-3\"  style=\"font-size: 25px; letter-spacing: 1px; color: #192841;\" data-fontsize=\"25px\">Recevez le Cesam Pocket Guide<\/h2><div class=\" vc_custom_1773679983268 last-paragraph-no-margin\"><p style=\"text-align: justify;\">Ce guide de poche aborde les principes fondamentaux du cadre CESAM avec la pr\u00e9sentation des trois visions de l&rsquo;architecture de syst\u00e8mes &#8211; op\u00e9rationnelle, fonctionnelle et organique &#8211; qui peuvent \u00eatre utilis\u00e9es pour sp\u00e9cifier tout syst\u00e8me.<\/p>\n<p>Contactez L\u00e9a LE CAM : <a href=\"mailto:contact@cesames.net\">contact@cesames.net<\/a><\/p>\n<\/div><\/div><\/div><\/div><\/section>\n<\/div>","protected":false},"excerpt":{"rendered":"[vc_single_image image=\"30494\" img_size=\"large\" onclick=\"custom_link\" img_link_target=\"_blank\" link=\"https:\/\/www.amazon.fr\/Model-based-Systems-Architecting-Architect-Complex-ebook\/dp\/B0B493Q8Y8\/ref=sr_1_2?qid=1656490423&amp;refinements=p_27%3ADaniel+Krob&amp;s=books&amp;sr=1-2\"]CESAMun cadre d\u2019architectureet de mod\u00e9lisation de syst\u00e8mesIl a \u00e9t\u00e9 d\u00e9velopp\u00e9 depuis 2010, par CESAMES, en forte interaction avec de grands acteurs industriels. Ce cadre, destin\u00e9 aux architectes de syst\u00e8me, ing\u00e9nieurs et concepteurs, a pour but de les aider \u00e0 mieux ma\u00eetriser les syst\u00e8mes int\u00e9gr\u00e9s complexes sur lesquels ils travaillent au quotidien. CESAM a 4 sp\u00e9cificit\u00e9s qui en font un cadre d\u2019architecture et un outil unique pour les entreprises : CESAM a des fondements math\u00e9matiques qui permettent d\u2019avoir une compr\u00e9hension partag\u00e9e et rigoureuse de l\u2019ensemble des concepts architecturaux qu\u2019il pr\u00e9sente =&gt; compr\u00e9hension r\u00e9elle et efficace entre les diff\u00e9rentes parties prenantes intervenant dans la conception d\u2019un syst\u00e8me. Sur cette base, la vision architecturale propos\u00e9e par CESAM repr\u00e9sente le \u00ab\u00a0juste n\u00e9cessaire\u00a0\u00bb pour mod\u00e9liser n\u2019importe quel syst\u00e8me int\u00e9gr\u00e9 =&gt; cette sp\u00e9cificit\u00e9 garantit la compl\u00e9tude d\u2019un mod\u00e8le de syst\u00e8me \u00e9labor\u00e9 selon la m\u00e9thode CESAM tout en assurant le fait qu\u2019il n\u2019y ait pas de travail de mod\u00e9lisation inutile r\u00e9alis\u00e9. CESAM est facile \u00e0 rendre op\u00e9rationnel par les architectes de syst\u00e8mes mais aussi par les mod\u00e9lisateurs de syst\u00e8mes =&gt; CESAM a d\u00e9j\u00e0 fait ses preuves sur de nombreux types de syst\u00e8mes au sein de secteurs d\u2019activit\u00e9s vari\u00e9s (a\u00e9ronautique, automobile, d\u00e9fense et...","protected":false},"author":1,"featured_media":0,"parent":0,"menu_order":0,"comment_status":"closed","ping_status":"closed","template":"","meta":{"footnotes":""},"yoast_head":"<!-- This site is optimized with the Yoast SEO plugin v24.2 - https:\/\/yoast.com\/wordpress\/plugins\/seo\/ -->\n<title>Le guide de l&#039;architecture syst\u00e8mes avec CESAM - Cesam Community<\/title>\n<meta name=\"description\" content=\"Le CESAM pocket guide : 38 pages r\u00e9sumant les principes fondamentaux du cadre d&#039;architecture de syst\u00e8mes CESAM, \u00e0 t\u00e9l\u00e9charger en ligne !\" \/>\n<meta name=\"robots\" content=\"index, follow, max-snippet:-1, max-image-preview:large, max-video-preview:-1\" \/>\n<link rel=\"canonical\" href=\"https:\/\/cesam.community\/fr\/methode-et-outils\/\" \/>\n<meta property=\"og:locale\" content=\"fr_FR\" \/>\n<meta property=\"og:type\" content=\"article\" \/>\n<meta property=\"og:title\" content=\"Le guide de l&#039;architecture syst\u00e8mes avec CESAM - Cesam Community\" \/>\n<meta property=\"og:description\" content=\"Le CESAM pocket guide : 38 pages r\u00e9sumant les principes fondamentaux du cadre d&#039;architecture de syst\u00e8mes CESAM, \u00e0 t\u00e9l\u00e9charger en ligne !\" \/>\n<meta property=\"og:url\" content=\"https:\/\/cesam.community\/fr\/methode-et-outils\/\" \/>\n<meta property=\"og:site_name\" content=\"Cesam Community\" \/>\n<meta property=\"article:modified_time\" content=\"2026-03-16T16:53:23+00:00\" \/>\n<meta name=\"twitter:card\" content=\"summary_large_image\" \/>\n<meta name=\"twitter:site\" content=\"@cesamcommunity\" \/>\n<meta name=\"twitter:label1\" content=\"Dur\u00e9e de lecture estim\u00e9e\" \/>\n\t<meta name=\"twitter:data1\" content=\"3 minutes\" \/>\n<script type=\"application\/ld+json\" class=\"yoast-schema-graph\">{\"@context\":\"https:\/\/schema.org\",\"@graph\":[{\"@type\":\"WebPage\",\"@id\":\"https:\/\/cesam.community\/fr\/methode-et-outils\/\",\"url\":\"https:\/\/cesam.community\/fr\/methode-et-outils\/\",\"name\":\"Le guide de l'architecture syst\u00e8mes avec CESAM - Cesam Community\",\"isPartOf\":{\"@id\":\"https:\/\/cesam.community\/fr\/#website\"},\"datePublished\":\"2021-05-20T09:19:30+00:00\",\"dateModified\":\"2026-03-16T16:53:23+00:00\",\"description\":\"Le CESAM pocket guide : 38 pages r\u00e9sumant les principes fondamentaux du cadre d'architecture de syst\u00e8mes CESAM, \u00e0 t\u00e9l\u00e9charger en ligne !\",\"breadcrumb\":{\"@id\":\"https:\/\/cesam.community\/fr\/methode-et-outils\/#breadcrumb\"},\"inLanguage\":\"fr-FR\",\"potentialAction\":[{\"@type\":\"ReadAction\",\"target\":[\"https:\/\/cesam.community\/fr\/methode-et-outils\/\"]}]},{\"@type\":\"BreadcrumbList\",\"@id\":\"https:\/\/cesam.community\/fr\/methode-et-outils\/#breadcrumb\",\"itemListElement\":[{\"@type\":\"ListItem\",\"position\":1,\"name\":\"Accueil\",\"item\":\"https:\/\/cesam.community\/fr\/\"},{\"@type\":\"ListItem\",\"position\":2,\"name\":\"M\u00e9thode et outils\"}]},{\"@type\":\"WebSite\",\"@id\":\"https:\/\/cesam.community\/fr\/#website\",\"url\":\"https:\/\/cesam.community\/fr\/\",\"name\":\"Cesam Community\",\"description\":\"La communaut\u00e9 CESAM\",\"publisher\":{\"@id\":\"https:\/\/cesam.community\/fr\/#organization\"},\"potentialAction\":[{\"@type\":\"SearchAction\",\"target\":{\"@type\":\"EntryPoint\",\"urlTemplate\":\"https:\/\/cesam.community\/fr\/?s={search_term_string}\"},\"query-input\":{\"@type\":\"PropertyValueSpecification\",\"valueRequired\":true,\"valueName\":\"search_term_string\"}}],\"inLanguage\":\"fr-FR\"},{\"@type\":\"Organization\",\"@id\":\"https:\/\/cesam.community\/fr\/#organization\",\"name\":\"CESAM Community\",\"url\":\"https:\/\/cesam.community\/fr\/\",\"logo\":{\"@type\":\"ImageObject\",\"inLanguage\":\"fr-FR\",\"@id\":\"https:\/\/cesam.community\/fr\/#\/schema\/logo\/image\/\",\"url\":\"https:\/\/cesam.community\/wp-content\/uploads\/2021\/04\/cesam_community_logo_v4.png\",\"contentUrl\":\"https:\/\/cesam.community\/wp-content\/uploads\/2021\/04\/cesam_community_logo_v4.png\",\"width\":7310,\"height\":1018,\"caption\":\"CESAM Community\"},\"image\":{\"@id\":\"https:\/\/cesam.community\/fr\/#\/schema\/logo\/image\/\"},\"sameAs\":[\"https:\/\/x.com\/cesamcommunity\",\"https:\/\/www.linkedin.com\/company\/community-cesam\/about\/\"]}]}<\/script>\n<!-- \/ Yoast SEO plugin. -->","yoast_head_json":{"title":"Le guide de l'architecture syst\u00e8mes avec CESAM - Cesam Community","description":"Le CESAM pocket guide : 38 pages r\u00e9sumant les principes fondamentaux du cadre d'architecture de syst\u00e8mes CESAM, \u00e0 t\u00e9l\u00e9charger en ligne !","robots":{"index":"index","follow":"follow","max-snippet":"max-snippet:-1","max-image-preview":"max-image-preview:large","max-video-preview":"max-video-preview:-1"},"canonical":"https:\/\/cesam.community\/fr\/methode-et-outils\/","og_locale":"fr_FR","og_type":"article","og_title":"Le guide de l'architecture syst\u00e8mes avec CESAM - Cesam Community","og_description":"Le CESAM pocket guide : 38 pages r\u00e9sumant les principes fondamentaux du cadre d'architecture de syst\u00e8mes CESAM, \u00e0 t\u00e9l\u00e9charger en ligne !","og_url":"https:\/\/cesam.community\/fr\/methode-et-outils\/","og_site_name":"Cesam Community","article_modified_time":"2026-03-16T16:53:23+00:00","twitter_card":"summary_large_image","twitter_site":"@cesamcommunity","twitter_misc":{"Dur\u00e9e de lecture estim\u00e9e":"3 minutes"},"schema":{"@context":"https:\/\/schema.org","@graph":[{"@type":"WebPage","@id":"https:\/\/cesam.community\/fr\/methode-et-outils\/","url":"https:\/\/cesam.community\/fr\/methode-et-outils\/","name":"Le guide de l'architecture syst\u00e8mes avec CESAM - Cesam Community","isPartOf":{"@id":"https:\/\/cesam.community\/fr\/#website"},"datePublished":"2021-05-20T09:19:30+00:00","dateModified":"2026-03-16T16:53:23+00:00","description":"Le CESAM pocket guide : 38 pages r\u00e9sumant les principes fondamentaux du cadre d'architecture de syst\u00e8mes CESAM, \u00e0 t\u00e9l\u00e9charger en ligne !","breadcrumb":{"@id":"https:\/\/cesam.community\/fr\/methode-et-outils\/#breadcrumb"},"inLanguage":"fr-FR","potentialAction":[{"@type":"ReadAction","target":["https:\/\/cesam.community\/fr\/methode-et-outils\/"]}]},{"@type":"BreadcrumbList","@id":"https:\/\/cesam.community\/fr\/methode-et-outils\/#breadcrumb","itemListElement":[{"@type":"ListItem","position":1,"name":"Accueil","item":"https:\/\/cesam.community\/fr\/"},{"@type":"ListItem","position":2,"name":"M\u00e9thode et outils"}]},{"@type":"WebSite","@id":"https:\/\/cesam.community\/fr\/#website","url":"https:\/\/cesam.community\/fr\/","name":"Cesam Community","description":"La communaut\u00e9 CESAM","publisher":{"@id":"https:\/\/cesam.community\/fr\/#organization"},"potentialAction":[{"@type":"SearchAction","target":{"@type":"EntryPoint","urlTemplate":"https:\/\/cesam.community\/fr\/?s={search_term_string}"},"query-input":{"@type":"PropertyValueSpecification","valueRequired":true,"valueName":"search_term_string"}}],"inLanguage":"fr-FR"},{"@type":"Organization","@id":"https:\/\/cesam.community\/fr\/#organization","name":"CESAM Community","url":"https:\/\/cesam.community\/fr\/","logo":{"@type":"ImageObject","inLanguage":"fr-FR","@id":"https:\/\/cesam.community\/fr\/#\/schema\/logo\/image\/","url":"https:\/\/cesam.community\/wp-content\/uploads\/2021\/04\/cesam_community_logo_v4.png","contentUrl":"https:\/\/cesam.community\/wp-content\/uploads\/2021\/04\/cesam_community_logo_v4.png","width":7310,"height":1018,"caption":"CESAM Community"},"image":{"@id":"https:\/\/cesam.community\/fr\/#\/schema\/logo\/image\/"},"sameAs":["https:\/\/x.com\/cesamcommunity","https:\/\/www.linkedin.com\/company\/community-cesam\/about\/"]}]}},"_links":{"self":[{"href":"https:\/\/cesam.community\/fr\/wp-json\/wp\/v2\/pages\/23711"}],"collection":[{"href":"https:\/\/cesam.community\/fr\/wp-json\/wp\/v2\/pages"}],"about":[{"href":"https:\/\/cesam.community\/fr\/wp-json\/wp\/v2\/types\/page"}],"author":[{"embeddable":true,"href":"https:\/\/cesam.community\/fr\/wp-json\/wp\/v2\/users\/1"}],"replies":[{"embeddable":true,"href":"https:\/\/cesam.community\/fr\/wp-json\/wp\/v2\/comments?post=23711"}],"version-history":[{"count":19,"href":"https:\/\/cesam.community\/fr\/wp-json\/wp\/v2\/pages\/23711\/revisions"}],"predecessor-version":[{"id":37152,"href":"https:\/\/cesam.community\/fr\/wp-json\/wp\/v2\/pages\/23711\/revisions\/37152"}],"wp:attachment":[{"href":"https:\/\/cesam.community\/fr\/wp-json\/wp\/v2\/media?parent=23711"}],"curies":[{"name":"wp","href":"https:\/\/api.w.org\/{rel}","templated":true}]}}