{"id":24137,"date":"2021-06-09T15:58:08","date_gmt":"2021-06-09T13:58:08","guid":{"rendered":"https:\/\/cesam.community\/?page_id=24137"},"modified":"2023-09-22T15:16:45","modified_gmt":"2023-09-22T13:16:45","slug":"mentions-legales","status":"publish","type":"page","link":"https:\/\/cesam.community\/fr\/mentions-legales\/","title":{"rendered":"Mentions l\u00e9gales"},"content":{"rendered":"<div class=\"wpb-content-wrapper\"><section class=\"vc_row wpb_row vc_row-fluid  vc_custom_1623661225366\"><div class=\"wpb_column vc_column_container vc_col-sm-12  col-xs-mobile-fullwidth\"><div class=\"vc_column-inner \"><div class=\"wpb_wrapper\"><div class=\"last-paragraph-no-margin\"><p style=\"text-align: justify;\"><span style=\"font-size: 14pt;\">Conform\u00e9ment aux dispositions de la loi n\u00b0 2004-575 du 21 juin 2004 pour la confiance en l\u2019\u00e9conomie num\u00e9rique, il est pr\u00e9cis\u00e9 aux utilisateurs l\u2019identit\u00e9 des diff\u00e9rents intervenants dans le cadre de la r\u00e9alisation et du suivi du site <a href=\"https:\/\/cesam.community\/\">cesam.community<\/a>.<\/span><\/p>\n<p style=\"text-align: justify;\"><span style=\"font-size: 14pt;\"><strong>Edition du site<\/strong><\/span><\/p>\n<p style=\"text-align: justify;\"><span style=\"font-size: 14pt;\">Le site\u00a0<a href=\"https:\/\/cesam.community\/\">cesam.community<\/a> est \u00e9dit\u00e9 par la soci\u00e9t\u00e9 CESAMES INSTITUT, soci\u00e9t\u00e9 par actions simplifi\u00e9e au capital de 965.000 euros, dont le si\u00e8ge social est situ\u00e9 10 rue de penthi\u00e8vre 75008 Paris, immatricul\u00e9e au registre du commerce et des soci\u00e9t\u00e9s sous le num\u00e9ro d\u2019identification unique 529 638 314 RCS Paris.<\/span><\/p>\n<p><span style=\"font-size: 14pt;\"><strong>Responsables de publication<\/strong><\/span><\/p>\n<p><span style=\"font-size: 14pt;\">Daniel KROB et Christophe TILMONT.<\/span><\/p>\n<p><span style=\"font-size: 14pt;\"><strong>Nous contacter<\/strong><\/span><\/p>\n<ul>\n<li><span style=\"font-size: 14pt;\">Par email :\u00a0contact@cesames.net<\/span><\/li>\n<li><span style=\"font-size: 14pt;\">Par t\u00e9l\u00e9phone\u00a0: 01 40 15 54 20<\/span><\/li>\n<\/ul>\n<p><span style=\"font-size: 14pt;\"><strong>H\u00e9bergeur <\/strong><\/span><\/p>\n<p><span style=\"font-size: 14pt;\">Le site <a href=\"https:\/\/cesam.community\/\">cesam.community<\/a> est h\u00e9berg\u00e9 par la soci\u00e9t\u00e9 SCALEWAY.<\/span><\/p>\n<p><span style=\"font-size: 14pt;\">Adresse : 8 rue de la Ville l\u2019Ev\u00eaque, 75008 Paris.<\/span><\/p>\n<\/div><\/div><\/div><\/div><\/section>\n<\/div>","protected":false},"excerpt":{"rendered":"Conform\u00e9ment aux dispositions de la loi n\u00b0 2004-575 du 21 juin 2004 pour la confiance en l\u2019\u00e9conomie num\u00e9rique, il est pr\u00e9cis\u00e9 aux utilisateurs l\u2019identit\u00e9 des diff\u00e9rents intervenants dans le cadre de la r\u00e9alisation et du suivi du site cesam.community. Edition du site Le site\u00a0cesam.community est \u00e9dit\u00e9 par la soci\u00e9t\u00e9 CESAMES INSTITUT, soci\u00e9t\u00e9 par actions simplifi\u00e9e au capital de 965.000 euros, dont le si\u00e8ge social est situ\u00e9 10 rue de penthi\u00e8vre 75008 Paris, immatricul\u00e9e au registre du commerce et des soci\u00e9t\u00e9s sous le num\u00e9ro d\u2019identification unique 529 638 314 RCS Paris. Responsables de publication Daniel KROB et Christophe TILMONT. Nous contacter Par email :\u00a0contact@cesames.net Par t\u00e9l\u00e9phone\u00a0: 01 40 15 54 20 H\u00e9bergeur Le site cesam.community est h\u00e9berg\u00e9 par la soci\u00e9t\u00e9 SCALEWAY. Adresse : 8 rue de la Ville l\u2019Ev\u00eaque, 75008 Paris.","protected":false},"author":1,"featured_media":0,"parent":0,"menu_order":0,"comment_status":"closed","ping_status":"closed","template":"","meta":{"footnotes":""},"yoast_head":"<!-- This site is optimized with the Yoast SEO plugin v24.2 - https:\/\/yoast.com\/wordpress\/plugins\/seo\/ -->\n<title>Mentions l\u00e9gales - Cesam Community<\/title>\n<meta name=\"robots\" content=\"index, follow, max-snippet:-1, max-image-preview:large, max-video-preview:-1\" \/>\n<link rel=\"canonical\" href=\"https:\/\/cesam.community\/fr\/mentions-legales\/\" \/>\n<meta property=\"og:locale\" content=\"fr_FR\" \/>\n<meta property=\"og:type\" content=\"article\" \/>\n<meta property=\"og:title\" content=\"Mentions l\u00e9gales - Cesam Community\" \/>\n<meta property=\"og:url\" content=\"https:\/\/cesam.community\/fr\/mentions-legales\/\" \/>\n<meta property=\"og:site_name\" content=\"Cesam Community\" \/>\n<meta property=\"article:modified_time\" content=\"2023-09-22T13:16:45+00:00\" \/>\n<meta name=\"twitter:card\" content=\"summary_large_image\" \/>\n<meta name=\"twitter:site\" content=\"@cesamcommunity\" \/>\n<meta name=\"twitter:label1\" content=\"Dur\u00e9e de lecture estim\u00e9e\" \/>\n\t<meta name=\"twitter:data1\" content=\"1 minute\" \/>\n<script type=\"application\/ld+json\" class=\"yoast-schema-graph\">{\"@context\":\"https:\/\/schema.org\",\"@graph\":[{\"@type\":\"WebPage\",\"@id\":\"https:\/\/cesam.community\/fr\/mentions-legales\/\",\"url\":\"https:\/\/cesam.community\/fr\/mentions-legales\/\",\"name\":\"Mentions l\u00e9gales - Cesam Community\",\"isPartOf\":{\"@id\":\"https:\/\/cesam.community\/fr\/#website\"},\"datePublished\":\"2021-06-09T13:58:08+00:00\",\"dateModified\":\"2023-09-22T13:16:45+00:00\",\"breadcrumb\":{\"@id\":\"https:\/\/cesam.community\/fr\/mentions-legales\/#breadcrumb\"},\"inLanguage\":\"fr-FR\",\"potentialAction\":[{\"@type\":\"ReadAction\",\"target\":[\"https:\/\/cesam.community\/fr\/mentions-legales\/\"]}]},{\"@type\":\"BreadcrumbList\",\"@id\":\"https:\/\/cesam.community\/fr\/mentions-legales\/#breadcrumb\",\"itemListElement\":[{\"@type\":\"ListItem\",\"position\":1,\"name\":\"Accueil\",\"item\":\"https:\/\/cesam.community\/fr\/\"},{\"@type\":\"ListItem\",\"position\":2,\"name\":\"Mentions l\u00e9gales\"}]},{\"@type\":\"WebSite\",\"@id\":\"https:\/\/cesam.community\/fr\/#website\",\"url\":\"https:\/\/cesam.community\/fr\/\",\"name\":\"Cesam Community\",\"description\":\"La communaut\u00e9 CESAM\",\"publisher\":{\"@id\":\"https:\/\/cesam.community\/fr\/#organization\"},\"potentialAction\":[{\"@type\":\"SearchAction\",\"target\":{\"@type\":\"EntryPoint\",\"urlTemplate\":\"https:\/\/cesam.community\/fr\/?s={search_term_string}\"},\"query-input\":{\"@type\":\"PropertyValueSpecification\",\"valueRequired\":true,\"valueName\":\"search_term_string\"}}],\"inLanguage\":\"fr-FR\"},{\"@type\":\"Organization\",\"@id\":\"https:\/\/cesam.community\/fr\/#organization\",\"name\":\"CESAM Community\",\"url\":\"https:\/\/cesam.community\/fr\/\",\"logo\":{\"@type\":\"ImageObject\",\"inLanguage\":\"fr-FR\",\"@id\":\"https:\/\/cesam.community\/fr\/#\/schema\/logo\/image\/\",\"url\":\"https:\/\/cesam.community\/wp-content\/uploads\/2021\/04\/cesam_community_logo_v4.png\",\"contentUrl\":\"https:\/\/cesam.community\/wp-content\/uploads\/2021\/04\/cesam_community_logo_v4.png\",\"width\":7310,\"height\":1018,\"caption\":\"CESAM Community\"},\"image\":{\"@id\":\"https:\/\/cesam.community\/fr\/#\/schema\/logo\/image\/\"},\"sameAs\":[\"https:\/\/x.com\/cesamcommunity\",\"https:\/\/www.linkedin.com\/company\/community-cesam\/about\/\"]}]}<\/script>\n<!-- \/ Yoast SEO plugin. -->","yoast_head_json":{"title":"Mentions l\u00e9gales - Cesam Community","robots":{"index":"index","follow":"follow","max-snippet":"max-snippet:-1","max-image-preview":"max-image-preview:large","max-video-preview":"max-video-preview:-1"},"canonical":"https:\/\/cesam.community\/fr\/mentions-legales\/","og_locale":"fr_FR","og_type":"article","og_title":"Mentions l\u00e9gales - Cesam Community","og_url":"https:\/\/cesam.community\/fr\/mentions-legales\/","og_site_name":"Cesam Community","article_modified_time":"2023-09-22T13:16:45+00:00","twitter_card":"summary_large_image","twitter_site":"@cesamcommunity","twitter_misc":{"Dur\u00e9e de lecture estim\u00e9e":"1 minute"},"schema":{"@context":"https:\/\/schema.org","@graph":[{"@type":"WebPage","@id":"https:\/\/cesam.community\/fr\/mentions-legales\/","url":"https:\/\/cesam.community\/fr\/mentions-legales\/","name":"Mentions l\u00e9gales - Cesam Community","isPartOf":{"@id":"https:\/\/cesam.community\/fr\/#website"},"datePublished":"2021-06-09T13:58:08+00:00","dateModified":"2023-09-22T13:16:45+00:00","breadcrumb":{"@id":"https:\/\/cesam.community\/fr\/mentions-legales\/#breadcrumb"},"inLanguage":"fr-FR","potentialAction":[{"@type":"ReadAction","target":["https:\/\/cesam.community\/fr\/mentions-legales\/"]}]},{"@type":"BreadcrumbList","@id":"https:\/\/cesam.community\/fr\/mentions-legales\/#breadcrumb","itemListElement":[{"@type":"ListItem","position":1,"name":"Accueil","item":"https:\/\/cesam.community\/fr\/"},{"@type":"ListItem","position":2,"name":"Mentions l\u00e9gales"}]},{"@type":"WebSite","@id":"https:\/\/cesam.community\/fr\/#website","url":"https:\/\/cesam.community\/fr\/","name":"Cesam Community","description":"La communaut\u00e9 CESAM","publisher":{"@id":"https:\/\/cesam.community\/fr\/#organization"},"potentialAction":[{"@type":"SearchAction","target":{"@type":"EntryPoint","urlTemplate":"https:\/\/cesam.community\/fr\/?s={search_term_string}"},"query-input":{"@type":"PropertyValueSpecification","valueRequired":true,"valueName":"search_term_string"}}],"inLanguage":"fr-FR"},{"@type":"Organization","@id":"https:\/\/cesam.community\/fr\/#organization","name":"CESAM Community","url":"https:\/\/cesam.community\/fr\/","logo":{"@type":"ImageObject","inLanguage":"fr-FR","@id":"https:\/\/cesam.community\/fr\/#\/schema\/logo\/image\/","url":"https:\/\/cesam.community\/wp-content\/uploads\/2021\/04\/cesam_community_logo_v4.png","contentUrl":"https:\/\/cesam.community\/wp-content\/uploads\/2021\/04\/cesam_community_logo_v4.png","width":7310,"height":1018,"caption":"CESAM Community"},"image":{"@id":"https:\/\/cesam.community\/fr\/#\/schema\/logo\/image\/"},"sameAs":["https:\/\/x.com\/cesamcommunity","https:\/\/www.linkedin.com\/company\/community-cesam\/about\/"]}]}},"_links":{"self":[{"href":"https:\/\/cesam.community\/fr\/wp-json\/wp\/v2\/pages\/24137"}],"collection":[{"href":"https:\/\/cesam.community\/fr\/wp-json\/wp\/v2\/pages"}],"about":[{"href":"https:\/\/cesam.community\/fr\/wp-json\/wp\/v2\/types\/page"}],"author":[{"embeddable":true,"href":"https:\/\/cesam.community\/fr\/wp-json\/wp\/v2\/users\/1"}],"replies":[{"embeddable":true,"href":"https:\/\/cesam.community\/fr\/wp-json\/wp\/v2\/comments?post=24137"}],"version-history":[{"count":8,"href":"https:\/\/cesam.community\/fr\/wp-json\/wp\/v2\/pages\/24137\/revisions"}],"predecessor-version":[{"id":35119,"href":"https:\/\/cesam.community\/fr\/wp-json\/wp\/v2\/pages\/24137\/revisions\/35119"}],"wp:attachment":[{"href":"https:\/\/cesam.community\/fr\/wp-json\/wp\/v2\/media?parent=24137"}],"curies":[{"name":"wp","href":"https:\/\/api.w.org\/{rel}","templated":true}]}}