{"id":25657,"date":"2021-08-05T12:51:07","date_gmt":"2021-08-05T10:51:07","guid":{"rendered":"https:\/\/cesam.community\/?page_id=25657"},"modified":"2022-01-26T12:09:09","modified_gmt":"2022-01-26T11:09:09","slug":"le-guide-cesam","status":"publish","type":"page","link":"https:\/\/cesam.community\/fr\/le-guide-cesam\/","title":{"rendered":"La m\u00e9thode CESAM"},"content":{"rendered":"<div class=\"wpb-content-wrapper\"><section class=\"vc_row wpb_row vc_row-fluid  vc_custom_1628161099404\"><div class=\"wpb_column vc_column_container vc_col-sm-10 vc_col-sm-offset-1 vc_col-xs-12 text-center xs-text-center\"><div class=\"vc_column-inner \"><div class=\"wpb_wrapper\"><div class=\"text-medium-gray text-small margin-5px-bottom alt-font text-uppercase heading-style4  vc_custom_1628246593900  heading-1\"  style=\"font-size: 35px; font-weight: 600; color: #192841;\" data-fontsize=\"35px\">CESAMES Systems Architecting Method<\/div><div class=\"last-paragraph-no-margin\"><p style=\"text-align: justify;\">CESAM est un cadre d&rsquo;architecture et de mod\u00e9lisation de syst\u00e8mes, d\u00e9velopp\u00e9 depuis 2003 en \u00e9troite collaboration avec de nombreuses entreprises industrielles de premier plan. Il est d\u00e9di\u00e9 aux architectes, ing\u00e9nieurs ou mod\u00e9lisateurs de syst\u00e8mes en activit\u00e9 afin de les aider \u00e0 mieux ma\u00eetriser les syst\u00e8mes int\u00e9gr\u00e9s complexes.<\/p>\n<p style=\"text-align: justify;\">Vous pouvez retrouver ci-dessous la m\u00e9thode CESAM d\u00e9taill\u00e9e en version originale (<span style=\"font-size: 8pt;\">EN<\/span>).<\/p>\n<\/div><\/div><\/div><\/div><\/section><section class=\"vc_row wpb_row vc_row-fluid  vc_custom_1628161759947 vc_row-has-fill\"><div class=\"wpb_column vc_column_container vc_col-sm-10 vc_col-md-offset-1 col-xs-mobile-fullwidth text-center\"><div class=\"vc_column-inner \"><div class=\"wpb_wrapper\"><h2 class=\"text-medium-gray text-small margin-5px-bottom alt-font text-uppercase heading-style4  vc_custom_1629795524484  heading-2\"  style=\"font-size: 20px; font-weight: 600; color: #000000;\" data-fontsize=\"20px\">TABLE DES MATI\u00c8RES<\/h2><ul class=\"list-style-6 list-style6-1 \"><li style=\"border-color: #01af50;\"><a href=\"https:\/\/cesam.community\/2021\/08\/05\/0-1-cesam-a-mathematically-sound-system-modeling-framework\/\"><strong>Chapter 0<\/strong> \u2013 Introduction to CESAM<\/a><\/li><li style=\"border-color: #01af50;\"><a href=\"https:\/\/cesam.community\/2021\/08\/01\/1-1-product-and-project-systems\/\"><strong>Chapter 1<\/strong> \u2013 Why Architecting Systems?<\/a><\/li><li style=\"border-color: #01af50;\"><a href=\"https:\/\/cesam.community\/2021\/07\/23\/2-1-elements-of-systemics\/\"><strong>Chapter 2<\/strong> \u2013 CESAM Framework<\/a><\/li><li style=\"border-color: #01af50;\"><a href=\"https:\/\/cesam.community\/2021\/07\/08\/3-1-why-identifying-stakeholders\/\"><strong>Chapter 3<\/strong> \u2013 Identifying Stakeholders: Environment Architecture<\/a><\/li><\/ul><\/div><\/div><\/div><\/section><section data-vc-full-width=\"true\" data-vc-full-width-init=\"false\" class=\"vc_row wpb_row vc_row-fluid  vc_custom_1628161641655 cover-background wow fadeIn vc_row-has-fill pofo-stretch-content pofo-stretch-row-container pofo-row-responsive-69d7ae022ebd4\"><div class=\"wpb_column vc_column_container vc_col-sm-10 vc_col-md-offset-1 col-xs-mobile-fullwidth wow fadeInUp text-center\"><div class=\"vc_column-inner \"><div class=\"wpb_wrapper\"><span class=\"text-extra-large margin-25px-bottom vertical-align-middle sm-width-100 display-inline-block alt-font heading-style3  vc_custom_1628161332470 pofo-button-responsive-69d7ae022ec6a  heading-3\"  style=\"color: #ffffff;\">Le guide CESAM existe aussi en version courte !<\/span><a  href=\"https:\/\/cesam.community\/methode-et-outils\/\" target=\"_self\" class=\"btn pofo-button-1 button-style2  btn-white  btn-small  pofo-button-responsive-69d7ae022eca2\" >Je t\u00e9l\u00e9charge LE CESAM POCKET GUIDE<\/a><\/div><\/div><\/div><\/section><div class=\"vc_row-full-width vc_clearfix\"><\/div>\n<\/div>","protected":false},"excerpt":{"rendered":"CESAMES Systems Architecting MethodCESAM est un cadre d'architecture et de mod\u00e9lisation de syst\u00e8mes, d\u00e9velopp\u00e9 depuis 2003 en \u00e9troite collaboration avec de nombreuses entreprises industrielles de premier plan. Il est d\u00e9di\u00e9 aux architectes, ing\u00e9nieurs ou mod\u00e9lisateurs de syst\u00e8mes en activit\u00e9 afin de les aider \u00e0 mieux ma\u00eetriser les syst\u00e8mes int\u00e9gr\u00e9s complexes. Vous pouvez retrouver ci-dessous la m\u00e9thode CESAM d\u00e9taill\u00e9e en version originale (EN). TABLE DES MATI\u00c8RESChapter 0 \u2013 Introduction to CESAMChapter 1 \u2013 Why Architecting Systems?Chapter 2 \u2013 CESAM FrameworkChapter 3 \u2013 Identifying Stakeholders: Environment ArchitectureLe guide CESAM existe aussi en version courte !Je t\u00e9l\u00e9charge LE CESAM POCKET GUIDE","protected":false},"author":1,"featured_media":0,"parent":0,"menu_order":0,"comment_status":"closed","ping_status":"closed","template":"","meta":{"footnotes":""},"yoast_head":"<!-- This site is optimized with the Yoast SEO plugin v24.2 - https:\/\/yoast.com\/wordpress\/plugins\/seo\/ -->\n<title>CESAM : un cadre d\u2019architecture g\u00e9n\u00e9rique - Cesam Community<\/title>\n<meta name=\"description\" content=\"Le cadre CESAM c&#039;est plus de 2 000 projets r\u00e9els de d\u00e9veloppement de syst\u00e8mes et plus de 8 000 ing\u00e9nieurs form\u00e9s dans 20 pays.\" \/>\n<meta name=\"robots\" content=\"index, follow, max-snippet:-1, max-image-preview:large, max-video-preview:-1\" \/>\n<link rel=\"canonical\" href=\"https:\/\/cesam.community\/fr\/le-guide-cesam\/\" \/>\n<meta property=\"og:locale\" content=\"fr_FR\" \/>\n<meta property=\"og:type\" content=\"article\" \/>\n<meta property=\"og:title\" content=\"CESAM : un cadre d\u2019architecture g\u00e9n\u00e9rique - Cesam Community\" \/>\n<meta property=\"og:description\" content=\"Le cadre CESAM c&#039;est plus de 2 000 projets r\u00e9els de d\u00e9veloppement de syst\u00e8mes et plus de 8 000 ing\u00e9nieurs form\u00e9s dans 20 pays.\" \/>\n<meta property=\"og:url\" content=\"https:\/\/cesam.community\/fr\/le-guide-cesam\/\" \/>\n<meta property=\"og:site_name\" content=\"Cesam Community\" \/>\n<meta property=\"article:modified_time\" content=\"2022-01-26T11:09:09+00:00\" \/>\n<meta name=\"twitter:card\" content=\"summary_large_image\" \/>\n<meta name=\"twitter:site\" content=\"@cesamcommunity\" \/>\n<meta name=\"twitter:label1\" content=\"Dur\u00e9e de lecture estim\u00e9e\" \/>\n\t<meta name=\"twitter:data1\" content=\"1 minute\" \/>\n<script type=\"application\/ld+json\" class=\"yoast-schema-graph\">{\"@context\":\"https:\/\/schema.org\",\"@graph\":[{\"@type\":\"WebPage\",\"@id\":\"https:\/\/cesam.community\/fr\/le-guide-cesam\/\",\"url\":\"https:\/\/cesam.community\/fr\/le-guide-cesam\/\",\"name\":\"CESAM : un cadre d\u2019architecture g\u00e9n\u00e9rique - Cesam Community\",\"isPartOf\":{\"@id\":\"https:\/\/cesam.community\/fr\/#website\"},\"datePublished\":\"2021-08-05T10:51:07+00:00\",\"dateModified\":\"2022-01-26T11:09:09+00:00\",\"description\":\"Le cadre CESAM c'est plus de 2 000 projets r\u00e9els de d\u00e9veloppement de syst\u00e8mes et plus de 8 000 ing\u00e9nieurs form\u00e9s dans 20 pays.\",\"breadcrumb\":{\"@id\":\"https:\/\/cesam.community\/fr\/le-guide-cesam\/#breadcrumb\"},\"inLanguage\":\"fr-FR\",\"potentialAction\":[{\"@type\":\"ReadAction\",\"target\":[\"https:\/\/cesam.community\/fr\/le-guide-cesam\/\"]}]},{\"@type\":\"BreadcrumbList\",\"@id\":\"https:\/\/cesam.community\/fr\/le-guide-cesam\/#breadcrumb\",\"itemListElement\":[{\"@type\":\"ListItem\",\"position\":1,\"name\":\"Accueil\",\"item\":\"https:\/\/cesam.community\/fr\/\"},{\"@type\":\"ListItem\",\"position\":2,\"name\":\"La m\u00e9thode CESAM\"}]},{\"@type\":\"WebSite\",\"@id\":\"https:\/\/cesam.community\/fr\/#website\",\"url\":\"https:\/\/cesam.community\/fr\/\",\"name\":\"Cesam Community\",\"description\":\"La communaut\u00e9 CESAM\",\"publisher\":{\"@id\":\"https:\/\/cesam.community\/fr\/#organization\"},\"potentialAction\":[{\"@type\":\"SearchAction\",\"target\":{\"@type\":\"EntryPoint\",\"urlTemplate\":\"https:\/\/cesam.community\/fr\/?s={search_term_string}\"},\"query-input\":{\"@type\":\"PropertyValueSpecification\",\"valueRequired\":true,\"valueName\":\"search_term_string\"}}],\"inLanguage\":\"fr-FR\"},{\"@type\":\"Organization\",\"@id\":\"https:\/\/cesam.community\/fr\/#organization\",\"name\":\"CESAM Community\",\"url\":\"https:\/\/cesam.community\/fr\/\",\"logo\":{\"@type\":\"ImageObject\",\"inLanguage\":\"fr-FR\",\"@id\":\"https:\/\/cesam.community\/fr\/#\/schema\/logo\/image\/\",\"url\":\"https:\/\/cesam.community\/wp-content\/uploads\/2021\/04\/cesam_community_logo_v4.png\",\"contentUrl\":\"https:\/\/cesam.community\/wp-content\/uploads\/2021\/04\/cesam_community_logo_v4.png\",\"width\":7310,\"height\":1018,\"caption\":\"CESAM Community\"},\"image\":{\"@id\":\"https:\/\/cesam.community\/fr\/#\/schema\/logo\/image\/\"},\"sameAs\":[\"https:\/\/x.com\/cesamcommunity\",\"https:\/\/www.linkedin.com\/company\/community-cesam\/about\/\"]}]}<\/script>\n<!-- \/ Yoast SEO plugin. -->","yoast_head_json":{"title":"CESAM : un cadre d\u2019architecture g\u00e9n\u00e9rique - Cesam Community","description":"Le cadre CESAM c'est plus de 2 000 projets r\u00e9els de d\u00e9veloppement de syst\u00e8mes et plus de 8 000 ing\u00e9nieurs form\u00e9s dans 20 pays.","robots":{"index":"index","follow":"follow","max-snippet":"max-snippet:-1","max-image-preview":"max-image-preview:large","max-video-preview":"max-video-preview:-1"},"canonical":"https:\/\/cesam.community\/fr\/le-guide-cesam\/","og_locale":"fr_FR","og_type":"article","og_title":"CESAM : un cadre d\u2019architecture g\u00e9n\u00e9rique - Cesam Community","og_description":"Le cadre CESAM c'est plus de 2 000 projets r\u00e9els de d\u00e9veloppement de syst\u00e8mes et plus de 8 000 ing\u00e9nieurs form\u00e9s dans 20 pays.","og_url":"https:\/\/cesam.community\/fr\/le-guide-cesam\/","og_site_name":"Cesam Community","article_modified_time":"2022-01-26T11:09:09+00:00","twitter_card":"summary_large_image","twitter_site":"@cesamcommunity","twitter_misc":{"Dur\u00e9e de lecture estim\u00e9e":"1 minute"},"schema":{"@context":"https:\/\/schema.org","@graph":[{"@type":"WebPage","@id":"https:\/\/cesam.community\/fr\/le-guide-cesam\/","url":"https:\/\/cesam.community\/fr\/le-guide-cesam\/","name":"CESAM : un cadre d\u2019architecture g\u00e9n\u00e9rique - Cesam Community","isPartOf":{"@id":"https:\/\/cesam.community\/fr\/#website"},"datePublished":"2021-08-05T10:51:07+00:00","dateModified":"2022-01-26T11:09:09+00:00","description":"Le cadre CESAM c'est plus de 2 000 projets r\u00e9els de d\u00e9veloppement de syst\u00e8mes et plus de 8 000 ing\u00e9nieurs form\u00e9s dans 20 pays.","breadcrumb":{"@id":"https:\/\/cesam.community\/fr\/le-guide-cesam\/#breadcrumb"},"inLanguage":"fr-FR","potentialAction":[{"@type":"ReadAction","target":["https:\/\/cesam.community\/fr\/le-guide-cesam\/"]}]},{"@type":"BreadcrumbList","@id":"https:\/\/cesam.community\/fr\/le-guide-cesam\/#breadcrumb","itemListElement":[{"@type":"ListItem","position":1,"name":"Accueil","item":"https:\/\/cesam.community\/fr\/"},{"@type":"ListItem","position":2,"name":"La m\u00e9thode CESAM"}]},{"@type":"WebSite","@id":"https:\/\/cesam.community\/fr\/#website","url":"https:\/\/cesam.community\/fr\/","name":"Cesam Community","description":"La communaut\u00e9 CESAM","publisher":{"@id":"https:\/\/cesam.community\/fr\/#organization"},"potentialAction":[{"@type":"SearchAction","target":{"@type":"EntryPoint","urlTemplate":"https:\/\/cesam.community\/fr\/?s={search_term_string}"},"query-input":{"@type":"PropertyValueSpecification","valueRequired":true,"valueName":"search_term_string"}}],"inLanguage":"fr-FR"},{"@type":"Organization","@id":"https:\/\/cesam.community\/fr\/#organization","name":"CESAM Community","url":"https:\/\/cesam.community\/fr\/","logo":{"@type":"ImageObject","inLanguage":"fr-FR","@id":"https:\/\/cesam.community\/fr\/#\/schema\/logo\/image\/","url":"https:\/\/cesam.community\/wp-content\/uploads\/2021\/04\/cesam_community_logo_v4.png","contentUrl":"https:\/\/cesam.community\/wp-content\/uploads\/2021\/04\/cesam_community_logo_v4.png","width":7310,"height":1018,"caption":"CESAM Community"},"image":{"@id":"https:\/\/cesam.community\/fr\/#\/schema\/logo\/image\/"},"sameAs":["https:\/\/x.com\/cesamcommunity","https:\/\/www.linkedin.com\/company\/community-cesam\/about\/"]}]}},"_links":{"self":[{"href":"https:\/\/cesam.community\/fr\/wp-json\/wp\/v2\/pages\/25657"}],"collection":[{"href":"https:\/\/cesam.community\/fr\/wp-json\/wp\/v2\/pages"}],"about":[{"href":"https:\/\/cesam.community\/fr\/wp-json\/wp\/v2\/types\/page"}],"author":[{"embeddable":true,"href":"https:\/\/cesam.community\/fr\/wp-json\/wp\/v2\/users\/1"}],"replies":[{"embeddable":true,"href":"https:\/\/cesam.community\/fr\/wp-json\/wp\/v2\/comments?post=25657"}],"version-history":[{"count":83,"href":"https:\/\/cesam.community\/fr\/wp-json\/wp\/v2\/pages\/25657\/revisions"}],"predecessor-version":[{"id":28118,"href":"https:\/\/cesam.community\/fr\/wp-json\/wp\/v2\/pages\/25657\/revisions\/28118"}],"wp:attachment":[{"href":"https:\/\/cesam.community\/fr\/wp-json\/wp\/v2\/media?parent=25657"}],"curies":[{"name":"wp","href":"https:\/\/api.w.org\/{rel}","templated":true}]}}