{"id":26213,"date":"2021-09-07T10:57:36","date_gmt":"2021-09-07T08:57:36","guid":{"rendered":"https:\/\/cesam.community\/?page_id=26213"},"modified":"2021-09-07T15:58:11","modified_gmt":"2021-09-07T13:58:11","slug":"proceedings-csdm-paris-2017","status":"publish","type":"page","link":"https:\/\/cesam.community\/fr\/csdm-paris-2017\/proceedings-csdm-paris-2017\/","title":{"rendered":"Proceedings CSD&#038;M Paris 2017"},"content":{"rendered":"<div class=\"wpb-content-wrapper\"><section class=\"vc_row wpb_row vc_row-fluid  vc_custom_1631008571256 pofo-row-responsive-69e2ffcc4fe64\"><div class=\"wpb_column vc_column_container vc_col-sm-10 vc_col-md-offset-1 col-xs-mobile-fullwidth text-center\"><div class=\"vc_column-inner \"><div class=\"wpb_wrapper\"><h2 class=\"text-extra-large margin-25px-bottom display-block alt-font  pofo_font_1631008653483 text-uppercase heading-style3  vc_custom_1631008653484  heading-1\"  style=\"font-size: 30px; line-height: 29px; font-weight: 600; color: #192841;\" data-fontsize=\"30px\" data-lineheight=\"29px\">Complex Systems Design &amp; Management<\/h2><div class=\"last-paragraph-no-margin\"><div class=\"copyright\">\u00a9 2017<\/div>\n<\/div><\/div><\/div><\/div><\/section><section class=\"vc_row wpb_row vc_row-fluid  vc_custom_1631008604059\"><div class=\"wpb_column vc_column_container vc_col-sm-10 vc_col-md-offset-1 col-xs-mobile-fullwidth text-center\"><div class=\"vc_column-inner \"><div class=\"wpb_wrapper\"><div class=\"last-paragraph-no-margin\"><p style=\"text-align: center;\"><strong><span style=\"font-size: 14pt;\">Proceedings of the Eighth International Conference on Complex Systems Design &amp; Management,<br \/>\nCSD&amp;M Paris 2017<\/span><\/strong><\/p>\n<\/div><div class=\"last-paragraph-no-margin\"><p>Editors: <strong>Chapoutot<\/strong>, A., <strong>Krob<\/strong>, D., <strong>Roussel<\/strong>, A., <strong>Stephan<\/strong>, F.<\/p>\n<\/div><\/div><\/div><\/div><\/section><section data-vc-full-width=\"true\" data-vc-full-width-init=\"false\" class=\"vc_row wpb_row vc_row-fluid  vc_custom_1631008310930 vc_row-has-fill pofo-stretch-content pofo-stretch-row-container\"><div class=\"wpb_column vc_column_container vc_col-sm-10 vc_col-md-offset-1 col-xs-mobile-fullwidth\"><div class=\"vc_column-inner \"><div class=\"wpb_wrapper\"><div class=\"last-paragraph-no-margin\"><p><strong><span style=\"color: #01af50;\">About this book:\u00a0<\/span><\/strong><\/p>\n<\/div><div class=\"bigger-font-size last-paragraph-no-margin\"><p style=\"text-align: justify;\">This volume contains the proceedings of the Eighth International Conference on \u201cComplex Systems Design &amp; Management\u201d (CSD&amp;M Paris 2017; see the conference website: <a href=\"http:\/\/www.2017.csdm.fr\/\">http:\/\/www.2017.csdm.fr\/<\/a> for more details).<br \/>\nThe CSD&amp;M Paris 2017 conference was jointly organized on December 12- 13, 2017 at the Chesnaie du Roy at Vincennes (France) by the two following founding partners:<\/p>\n<ol style=\"text-align: justify;\">\n<li><strong>The non-profit organization C.E.S.A.M.E.S. (Center of Excellence on Systems Architecture, Management, Economy and Strategy) who manages CESAM Community,<\/strong><\/li>\n<li><strong>The Ecole Polytechnique \u2013 ENSTA ParisTech \u2013 T\u00e9l\u00e9com ParisTech \u2013 Dassault Aviation \u2013 Naval Group \u2013 DGA \u2013 Thales \u201cEngineering of Complex Systems\u201d chair.<\/strong><\/li>\n<\/ol>\n<p style=\"text-align: justify;\">The conference benefited of the permanent support of many academic organizations such as Ecole Polytechnique, CentraleSup\u00e9lec, ENSTA ParisTech and T\u00e9l\u00e9com ParisTech which were deeply involved in its organization. We especially would like to thank the conference partners: Apsys Airbus, Airbus, Alstom Transport, Naval Group, Direction G\u00e9n\u00e9rale de l\u2019Armement (DGA), Institut de Recherche Technologique SystemX, MEGA International, PPI and Thales which were the main industrial and institutional sponsors of the conference. We are also grateful to the Association Fran\u00e7aise d\u2019Ing\u00e9nierie Syst\u00e8me (AFIS) and to the International Council on Systems Engineering (INCOSE) which strongly supported our communication effort.<\/p>\n<p style=\"text-align: justify;\">All these institutions helped us a lot through their constant participation to the Organizing Committee during the one-year preparation of CSD&amp;M Paris 2017. Many thanks therefore to all of them.<\/p>\n<\/div><\/div><\/div><\/div><\/section><div class=\"vc_row-full-width vc_clearfix\"><\/div><section data-vc-full-width=\"true\" data-vc-full-width-init=\"false\" class=\"vc_row wpb_row vc_row-fluid  vc_custom_1631010288331 pofo-stretch-content pofo-stretch-row-container\"><div class=\"wpb_column vc_column_container vc_col-sm-10 vc_col-md-offset-1 col-xs-mobile-fullwidth\"><div class=\"vc_column-inner \"><div class=\"wpb_wrapper\"><div class=\"last-paragraph-no-margin\"><p><strong><span style=\"color: #01af50;\">Contents:<\/span><\/strong><\/p>\n<\/div><div class=\"panel-group accordion-style1\" id=\"accordion-1\" ><div class=\"panel text-left\">\n                                        <div class=\"panel-heading \">\n                                            <a data-toggle=\"collapse\" data-parent=\"#accordion-1\" href=\"#accordion-one-link-1\">\n                                                <div class=\"panel-title font-weight-500 text-extra-dark-gray\">\n                                                    Part I Regular Papers<span class=\"pull-right\"><i class=\"ti-plus\"><\/i><\/span>\n                                                <\/div>\n                                            <\/a>\n                                        <\/div>\n                                        <div id=\"accordion-one-link-1\" class=\"panel-collapse collapse \">\n                                            <div class=\"panel-body \"><p><strong>Risk Management Strategy for Uncertain Systems: Decommissioning of Fukushima Daiichi Nuclear Power Station<\/strong><br \/>\nAkira Yamaguchi<\/p>\n<p><strong>Safe Automated Driving on Highways \u2013 Beyond Today\u2019s Connected Autonomous Vehicles<\/strong><br \/>\nG\u00e9rard Le Lann<\/p>\n<p><strong>An Applied Knowledge Framework to Study Complex Systems<\/strong><br \/>\nJuste Raimbault<\/p>\n<p><strong>A Systems Engineering Approach to Ship Design<\/strong><br \/>\nAlan Guegan, Beno\u00eet Rafine, Laurent Descombes, Hanane Fadiaw, Pierre Marty, Philippe Corrignan<\/p>\n<p><strong>Managing an Industrial Software Rearchitecting Project With Source Code Labelling<\/strong><br \/>\nBrice Govin, Nicolas Anquetil, Anne Etien, St\u00e9phane Ducasse, Arnaud Monegier du Sorbier<\/p>\n<p><strong>MBSE Driven IoT for Smarter Cities<\/strong><br \/>\nMatthew Hause, James Hummell, Fabrice Grelier<\/p>\n<p><strong>Definition and Verification of Functional Safety Concepts for the Definition of Safe Logical Architectures<\/strong><br \/>\nPierre Mauborgne, Eric Bonjour, Christophe Perrard, Samuel Deniaud, Eric Levrat, Jean-Pierre Mica\u00eblli, Dominique Loise<\/p>\n<p><strong>Offer Elaboration and Selection Under Uncertainty Using a MultiCriteria Approach in a Bidding Process<\/strong><br \/>\nAbdourahim Sylla, Thierry Coudert, Elise Vareilles, Laurent Geneste, Michel Aldanondo<\/p>\n<p><strong>Hidden Structures: Using Graph Theory to Explore Complex System of Systems Architectures<\/strong><br \/>\nMatthew Potts, Pia Sartor, Angus Johnson, Seth Bullock <\/p>\n<p><strong>Systems Engineering Approach for EPR NM Nuclear Power Plant Basic Design Project<\/strong><br \/>\nChristian Blanchet, Gabriel Oblin, Karim Aabadi, Martine Klein-Jaby, Olivier Dessoude, Bruno Pentori de Peretti, Nicolas Verdi\u00e8re, Alexandra Krings, Simone Bergamo, Robin Delserieys<\/p>\n<p><strong>Industrial Big Data Practice for Power Plant Energy Efficiency Optimization<\/strong><br \/>\nHui Shen, Fang Hou<\/p>\n<p><strong>OntoSoS.QM.Gov: A Quality Governance Framework for Systems of Systems<\/strong><br \/>\nEman Qaddoumi, Mohammed Odeh, Zaheer Khan, Mario Kossmann, Imad Traish, AbdelGhani Tbakhi<\/p>\n<p><strong>Direct Democracy as the Keystone of Smart City Governance as a Complex System<\/strong><br \/>\nClaude Rochet, Amine Belemlih<\/p>\n<p><strong>Formation in Networks of Mobile Robots<\/strong><br \/>\nAlberto Lopez-Parra, Adrian Arellano-Delgado, Rosa Martha Lopez-Gutierrez and Cesar Cruz-Hernandez<\/p>\n<\/div>\n                                        <\/div>\n                                    <\/div><div class=\"panel text-left\">\n                                        <div class=\"panel-heading \">\n                                            <a data-toggle=\"collapse\" data-parent=\"#accordion-1\" href=\"#accordion-one-link-2\">\n                                                <div class=\"panel-title font-weight-500 text-extra-dark-gray\">\n                                                    Part II Posters<span class=\"pull-right\"><i class=\"ti-plus\"><\/i><\/span>\n                                                <\/div>\n                                            <\/a>\n                                        <\/div>\n                                        <div id=\"accordion-one-link-2\" class=\"panel-collapse collapse \">\n                                            <div class=\"panel-body \"><p><strong>MBSE Approach for Vehicle Powertrain System Design<\/strong><br \/>\nChenhao Yang, Pascal Menegazzi, Jean-Denis Piques, Olivier Coppin, Pascal Chesse, David Chalet<\/p>\n<p><strong>MBSE is the New SE: Summarizing the Best Practices of MBSE Deployment<\/strong><br \/>\nAiste Aleksandraviciene, Dr. Aurelijus Morkevicius<\/p>\n<p><strong>Influence of Topology on Asymmetric Systems\u2019 Stability<\/strong><br \/>\nAnne Colin, Afreen Siddiqi, Olivier de Weck, Jean-Jacques Slotine<\/p>\n<p><strong>Strategic Real Option and Flexibility Analysis for Nuclear Power Plants Considering Uncertainty in Electricity Demand and Public Acceptance<\/strong><br \/>\nMichel-Alexandre Cardin, Sizhe Zhang, William J.Nutrall<\/p>\n<p><strong>Automated Driving System Development: Defining the Sensor Selection Problem Space and Evaluating the Decision-Making Processes for Trade Alternatives<\/strong><br \/>\nMasaatsu Kusunoki, Abdelkrim Doufene, Bryan Moser, Hidekazu Nishimura<\/p>\n<p><strong>Innovate by Designing for Value \u2013 Towards a Design-to-Value Methodology in Early Design Stages<\/strong><br \/>\nSonia Ben Hamida, Marija Jankovic, Alain Huet, Jean-Claude Bocquet<\/p>\n<p><strong>Vehicule to Grid, an Iconic Horizon of Challenges for OEM<\/strong><br \/>\nYann Chazal, Alain Dauron, Anne Sigogne<\/p>\n<\/div>\n                                        <\/div>\n                                    <\/div><\/div><\/div><\/div><\/div><\/section><div class=\"vc_row-full-width vc_clearfix\"><\/div><section class=\"vc_row wpb_row vc_row-fluid  vc_custom_1631010453795\"><div class=\"wpb_column vc_column_container vc_col-sm-12  col-xs-mobile-fullwidth\"><div class=\"vc_column-inner \"><div class=\"wpb_wrapper\"><div class=\"separator-line-horrizontal-full bg-extra-light-gray center-col pofo-separator\" style=\"background-color:#01af50;\"><\/div><\/div><\/div><\/div><\/section><section class=\"vc_row wpb_row vc_row-fluid  vc_custom_1631006734822 pofo-row-responsive-69e2ffcc50436\"><div class=\"wpb_column vc_column_container vc_col-sm-4 vc_col-md-offset-1 col-xs-mobile-fullwidth\"><div class=\"vc_column-inner \"><div class=\"wpb_wrapper\">[vc_single_image image=\u00a0\u00bb26270&Prime; img_size=\u00a0\u00bbmedium\u00a0\u00bb alignment=\u00a0\u00bbcenter\u00a0\u00bb]<\/div><\/div><\/div><div class=\"wpb_column vc_column_container vc_col-sm-6 vc_col-xs-12\"><div class=\"vc_column-inner \"><div class=\"wpb_wrapper\"><h2 class=\"text-extra-large margin-25px-bottom display-inline-block alt-font text-uppercase heading-style3  vc_custom_1631007315689  heading-2\"  style=\"font-size: 25px; letter-spacing: 1px; color: #192841;\" data-fontsize=\"25px\">Download the PDF version<\/h2><div class=\" vc_custom_1631010510313 last-paragraph-no-margin\"><p><strong><span style=\"color: #01af50;\">COMPLEX SYSTEMS DESIGN &amp; MANAGEMENT \u00a9 2017<\/span><\/strong><\/p>\n<\/div>\n<div class=\"wpcf7 no-js\" id=\"wpcf7-f26261-o1\" lang=\"en-US\" dir=\"ltr\">\n<div class=\"screen-reader-response\"><p role=\"status\" aria-live=\"polite\" aria-atomic=\"true\"><\/p> <ul><\/ul><\/div>\n<form action=\"\/fr\/wp-json\/wp\/v2\/pages\/26213#wpcf7-f26261-o1\" method=\"post\" class=\"wpcf7-form init\" aria-label=\"Contact form\" novalidate=\"novalidate\" data-status=\"init\">\n<div style=\"display: none;\">\n<input type=\"hidden\" name=\"_wpcf7\" value=\"26261\" \/>\n<input type=\"hidden\" name=\"_wpcf7_version\" value=\"5.9.8\" \/>\n<input type=\"hidden\" name=\"_wpcf7_locale\" value=\"en_US\" \/>\n<input type=\"hidden\" name=\"_wpcf7_unit_tag\" value=\"wpcf7-f26261-o1\" \/>\n<input type=\"hidden\" name=\"_wpcf7_container_post\" value=\"0\" \/>\n<input type=\"hidden\" name=\"_wpcf7_posted_data_hash\" value=\"\" \/>\n<input type=\"hidden\" name=\"_wpcf7_recaptcha_response\" value=\"\" \/>\n<\/div>\n<div>\n\t<p><span class=\"wpcf7-form-control-wrap\" data-name=\"contact-name\"><input size=\"40\" maxlength=\"400\" class=\"wpcf7-form-control wpcf7-text wpcf7-validates-as-required input-border-bottom\" aria-required=\"true\" aria-invalid=\"false\" placeholder=\"Full name*\" value=\"\" type=\"text\" name=\"contact-name\" \/><\/span><br \/>\n<span class=\"wpcf7-form-control-wrap\" data-name=\"contact-profession\"><input size=\"40\" maxlength=\"400\" class=\"wpcf7-form-control wpcf7-text wpcf7-validates-as-required input-border-bottom\" aria-required=\"true\" aria-invalid=\"false\" placeholder=\"Profession*\" value=\"\" type=\"text\" name=\"contact-profession\" \/><\/span><br \/>\n<span class=\"wpcf7-form-control-wrap\" data-name=\"contact-company\"><input size=\"40\" maxlength=\"400\" class=\"wpcf7-form-control wpcf7-text wpcf7-validates-as-required input-border-bottom\" aria-required=\"true\" aria-invalid=\"false\" placeholder=\"Company*\" value=\"\" type=\"text\" name=\"contact-company\" \/><\/span><br \/>\n<span class=\"wpcf7-form-control-wrap\" data-name=\"contact-email\"><input size=\"40\" maxlength=\"400\" class=\"wpcf7-form-control wpcf7-email wpcf7-validates-as-required wpcf7-text wpcf7-validates-as-email input-border-bottom\" aria-required=\"true\" aria-invalid=\"false\" placeholder=\"E-mail*\" value=\"\" type=\"email\" name=\"contact-email\" \/><\/span><br \/>\n\t<span class=\"wpcf7-form-control-wrap recaptcha\" data-name=\"recaptcha\"><span data-sitekey=\"6LfrTVwpAAAAAO-8Y798BV1Fkw1VGKBXJBEV30-H\" class=\"wpcf7-form-control wpcf7-recaptcha g-recaptcha\"><\/span>\r\n<noscript>\r\n\t<div class=\"grecaptcha-noscript\">\r\n\t\t<iframe loading=\"lazy\" src=\"https:\/\/www.google.com\/recaptcha\/api\/fallback?k=6LfrTVwpAAAAAO-8Y798BV1Fkw1VGKBXJBEV30-H\" frameborder=\"0\" scrolling=\"no\" width=\"310\" height=\"430\">\r\n\t\t<\/iframe>\r\n\t\t<textarea name=\"g-recaptcha-response\" rows=\"3\" cols=\"40\" placeholder=\"reCaptcha Response Here\">\r\n\t\t<\/textarea>\r\n\t<\/div>\r\n<\/noscript>\r\n<\/span><br \/>\n<input class=\"wpcf7-form-control wpcf7-submit has-spinner btn btn-small btn-black\" type=\"submit\" value=\"Request\" \/>\n\t<\/p>\n<\/div><div class=\"wpcf7-response-output\" aria-hidden=\"true\"><\/div>\n<\/form>\n<\/div>\n<\/div><\/div><\/div><\/section>\n<\/div>","protected":false},"excerpt":{"rendered":"Complex Systems Design &amp; Management\u00a9 2017 Proceedings of the Eighth International Conference on Complex Systems Design &amp; Management, CSD&amp;M Paris 2017 Editors: Chapoutot, A., Krob, D., Roussel, A., Stephan, F. About this book:\u00a0 This volume contains the proceedings of the Eighth International Conference on \u201cComplex Systems Design &amp; Management\u201d (CSD&amp;M Paris 2017; see the conference website: http:\/\/www.2017.csdm.fr\/ for more details). The CSD&amp;M Paris 2017 conference was jointly organized on December 12- 13, 2017 at the Chesnaie du Roy at Vincennes (France) by the two following founding partners: The non-profit organization C.E.S.A.M.E.S. (Center of Excellence on Systems Architecture, Management, Economy and Strategy) who manages CESAM Community, The Ecole Polytechnique \u2013 ENSTA ParisTech \u2013 T\u00e9l\u00e9com ParisTech \u2013 Dassault Aviation \u2013 Naval Group \u2013 DGA \u2013 Thales \u201cEngineering of Complex Systems\u201d chair. The conference benefited of the permanent support of many academic organizations such as Ecole Polytechnique, CentraleSup\u00e9lec, ENSTA ParisTech and T\u00e9l\u00e9com ParisTech which were deeply involved in its organization. We especially would like to thank the conference partners: Apsys Airbus, Airbus, Alstom Transport, Naval Group, Direction G\u00e9n\u00e9rale de l\u2019Armement (DGA), Institut de Recherche Technologique SystemX, MEGA International, PPI and Thales which were the main industrial and institutional sponsors of the conference. We...","protected":false},"author":1,"featured_media":0,"parent":24235,"menu_order":0,"comment_status":"closed","ping_status":"closed","template":"","meta":{"footnotes":""},"yoast_head":"<!-- This site is optimized with the Yoast SEO plugin v24.2 - https:\/\/yoast.com\/wordpress\/plugins\/seo\/ -->\n<title>Proceedings CSD&amp;M Paris 2017- Cesam Community<\/title>\n<meta name=\"description\" content=\"Download: Proceedings of the Eighth International Conference on Complex Systems Design &amp; Management,CSD&amp;M Paris 2017.\" \/>\n<meta name=\"robots\" content=\"index, follow, max-snippet:-1, max-image-preview:large, max-video-preview:-1\" \/>\n<link rel=\"canonical\" href=\"https:\/\/cesam.community\/fr\/csdm-paris-2017\/proceedings-csdm-paris-2017\/\" \/>\n<meta property=\"og:locale\" content=\"fr_FR\" \/>\n<meta property=\"og:type\" content=\"article\" \/>\n<meta property=\"og:title\" content=\"Proceedings CSD&amp;M Paris 2017- Cesam Community\" \/>\n<meta property=\"og:description\" content=\"Download: Proceedings of the Eighth International Conference on Complex Systems Design &amp; Management,CSD&amp;M Paris 2017.\" \/>\n<meta property=\"og:url\" content=\"https:\/\/cesam.community\/fr\/csdm-paris-2017\/proceedings-csdm-paris-2017\/\" \/>\n<meta property=\"og:site_name\" content=\"Cesam Community\" \/>\n<meta property=\"article:modified_time\" content=\"2021-09-07T13:58:11+00:00\" \/>\n<meta name=\"twitter:card\" content=\"summary_large_image\" \/>\n<meta name=\"twitter:site\" content=\"@cesamcommunity\" \/>\n<meta name=\"twitter:label1\" content=\"Dur\u00e9e de lecture estim\u00e9e\" \/>\n\t<meta name=\"twitter:data1\" content=\"2 minutes\" \/>\n<script type=\"application\/ld+json\" class=\"yoast-schema-graph\">{\"@context\":\"https:\/\/schema.org\",\"@graph\":[{\"@type\":\"WebPage\",\"@id\":\"https:\/\/cesam.community\/fr\/csdm-paris-2017\/proceedings-csdm-paris-2017\/\",\"url\":\"https:\/\/cesam.community\/fr\/csdm-paris-2017\/proceedings-csdm-paris-2017\/\",\"name\":\"Proceedings CSD&M Paris 2017- Cesam Community\",\"isPartOf\":{\"@id\":\"https:\/\/cesam.community\/fr\/#website\"},\"datePublished\":\"2021-09-07T08:57:36+00:00\",\"dateModified\":\"2021-09-07T13:58:11+00:00\",\"description\":\"Download: Proceedings of the Eighth International Conference on Complex Systems Design & Management,CSD&M Paris 2017.\",\"breadcrumb\":{\"@id\":\"https:\/\/cesam.community\/fr\/csdm-paris-2017\/proceedings-csdm-paris-2017\/#breadcrumb\"},\"inLanguage\":\"fr-FR\",\"potentialAction\":[{\"@type\":\"ReadAction\",\"target\":[\"https:\/\/cesam.community\/fr\/csdm-paris-2017\/proceedings-csdm-paris-2017\/\"]}]},{\"@type\":\"BreadcrumbList\",\"@id\":\"https:\/\/cesam.community\/fr\/csdm-paris-2017\/proceedings-csdm-paris-2017\/#breadcrumb\",\"itemListElement\":[{\"@type\":\"ListItem\",\"position\":1,\"name\":\"Accueil\",\"item\":\"https:\/\/cesam.community\/fr\/\"},{\"@type\":\"ListItem\",\"position\":2,\"name\":\"CSD&#038;M Paris 2017\",\"item\":\"https:\/\/cesam.community\/fr\/csdm-paris-2017\/\"},{\"@type\":\"ListItem\",\"position\":3,\"name\":\"Proceedings CSD&#038;M Paris 2017\"}]},{\"@type\":\"WebSite\",\"@id\":\"https:\/\/cesam.community\/fr\/#website\",\"url\":\"https:\/\/cesam.community\/fr\/\",\"name\":\"Cesam Community\",\"description\":\"La communaut\u00e9 CESAM\",\"publisher\":{\"@id\":\"https:\/\/cesam.community\/fr\/#organization\"},\"potentialAction\":[{\"@type\":\"SearchAction\",\"target\":{\"@type\":\"EntryPoint\",\"urlTemplate\":\"https:\/\/cesam.community\/fr\/?s={search_term_string}\"},\"query-input\":{\"@type\":\"PropertyValueSpecification\",\"valueRequired\":true,\"valueName\":\"search_term_string\"}}],\"inLanguage\":\"fr-FR\"},{\"@type\":\"Organization\",\"@id\":\"https:\/\/cesam.community\/fr\/#organization\",\"name\":\"CESAM Community\",\"url\":\"https:\/\/cesam.community\/fr\/\",\"logo\":{\"@type\":\"ImageObject\",\"inLanguage\":\"fr-FR\",\"@id\":\"https:\/\/cesam.community\/fr\/#\/schema\/logo\/image\/\",\"url\":\"https:\/\/cesam.community\/wp-content\/uploads\/2021\/04\/cesam_community_logo_v4.png\",\"contentUrl\":\"https:\/\/cesam.community\/wp-content\/uploads\/2021\/04\/cesam_community_logo_v4.png\",\"width\":7310,\"height\":1018,\"caption\":\"CESAM Community\"},\"image\":{\"@id\":\"https:\/\/cesam.community\/fr\/#\/schema\/logo\/image\/\"},\"sameAs\":[\"https:\/\/x.com\/cesamcommunity\",\"https:\/\/www.linkedin.com\/company\/community-cesam\/about\/\"]}]}<\/script>\n<!-- \/ Yoast SEO plugin. -->","yoast_head_json":{"title":"Proceedings CSD&M Paris 2017- Cesam Community","description":"Download: Proceedings of the Eighth International Conference on Complex Systems Design & Management,CSD&M Paris 2017.","robots":{"index":"index","follow":"follow","max-snippet":"max-snippet:-1","max-image-preview":"max-image-preview:large","max-video-preview":"max-video-preview:-1"},"canonical":"https:\/\/cesam.community\/fr\/csdm-paris-2017\/proceedings-csdm-paris-2017\/","og_locale":"fr_FR","og_type":"article","og_title":"Proceedings CSD&M Paris 2017- Cesam Community","og_description":"Download: Proceedings of the Eighth International Conference on Complex Systems Design & Management,CSD&M Paris 2017.","og_url":"https:\/\/cesam.community\/fr\/csdm-paris-2017\/proceedings-csdm-paris-2017\/","og_site_name":"Cesam Community","article_modified_time":"2021-09-07T13:58:11+00:00","twitter_card":"summary_large_image","twitter_site":"@cesamcommunity","twitter_misc":{"Dur\u00e9e de lecture estim\u00e9e":"2 minutes"},"schema":{"@context":"https:\/\/schema.org","@graph":[{"@type":"WebPage","@id":"https:\/\/cesam.community\/fr\/csdm-paris-2017\/proceedings-csdm-paris-2017\/","url":"https:\/\/cesam.community\/fr\/csdm-paris-2017\/proceedings-csdm-paris-2017\/","name":"Proceedings CSD&M Paris 2017- Cesam Community","isPartOf":{"@id":"https:\/\/cesam.community\/fr\/#website"},"datePublished":"2021-09-07T08:57:36+00:00","dateModified":"2021-09-07T13:58:11+00:00","description":"Download: Proceedings of the Eighth International Conference on Complex Systems Design & Management,CSD&M Paris 2017.","breadcrumb":{"@id":"https:\/\/cesam.community\/fr\/csdm-paris-2017\/proceedings-csdm-paris-2017\/#breadcrumb"},"inLanguage":"fr-FR","potentialAction":[{"@type":"ReadAction","target":["https:\/\/cesam.community\/fr\/csdm-paris-2017\/proceedings-csdm-paris-2017\/"]}]},{"@type":"BreadcrumbList","@id":"https:\/\/cesam.community\/fr\/csdm-paris-2017\/proceedings-csdm-paris-2017\/#breadcrumb","itemListElement":[{"@type":"ListItem","position":1,"name":"Accueil","item":"https:\/\/cesam.community\/fr\/"},{"@type":"ListItem","position":2,"name":"CSD&#038;M Paris 2017","item":"https:\/\/cesam.community\/fr\/csdm-paris-2017\/"},{"@type":"ListItem","position":3,"name":"Proceedings CSD&#038;M Paris 2017"}]},{"@type":"WebSite","@id":"https:\/\/cesam.community\/fr\/#website","url":"https:\/\/cesam.community\/fr\/","name":"Cesam Community","description":"La communaut\u00e9 CESAM","publisher":{"@id":"https:\/\/cesam.community\/fr\/#organization"},"potentialAction":[{"@type":"SearchAction","target":{"@type":"EntryPoint","urlTemplate":"https:\/\/cesam.community\/fr\/?s={search_term_string}"},"query-input":{"@type":"PropertyValueSpecification","valueRequired":true,"valueName":"search_term_string"}}],"inLanguage":"fr-FR"},{"@type":"Organization","@id":"https:\/\/cesam.community\/fr\/#organization","name":"CESAM Community","url":"https:\/\/cesam.community\/fr\/","logo":{"@type":"ImageObject","inLanguage":"fr-FR","@id":"https:\/\/cesam.community\/fr\/#\/schema\/logo\/image\/","url":"https:\/\/cesam.community\/wp-content\/uploads\/2021\/04\/cesam_community_logo_v4.png","contentUrl":"https:\/\/cesam.community\/wp-content\/uploads\/2021\/04\/cesam_community_logo_v4.png","width":7310,"height":1018,"caption":"CESAM Community"},"image":{"@id":"https:\/\/cesam.community\/fr\/#\/schema\/logo\/image\/"},"sameAs":["https:\/\/x.com\/cesamcommunity","https:\/\/www.linkedin.com\/company\/community-cesam\/about\/"]}]}},"_links":{"self":[{"href":"https:\/\/cesam.community\/fr\/wp-json\/wp\/v2\/pages\/26213"}],"collection":[{"href":"https:\/\/cesam.community\/fr\/wp-json\/wp\/v2\/pages"}],"about":[{"href":"https:\/\/cesam.community\/fr\/wp-json\/wp\/v2\/types\/page"}],"author":[{"embeddable":true,"href":"https:\/\/cesam.community\/fr\/wp-json\/wp\/v2\/users\/1"}],"replies":[{"embeddable":true,"href":"https:\/\/cesam.community\/fr\/wp-json\/wp\/v2\/comments?post=26213"}],"version-history":[{"count":49,"href":"https:\/\/cesam.community\/fr\/wp-json\/wp\/v2\/pages\/26213\/revisions"}],"predecessor-version":[{"id":26272,"href":"https:\/\/cesam.community\/fr\/wp-json\/wp\/v2\/pages\/26213\/revisions\/26272"}],"up":[{"embeddable":true,"href":"https:\/\/cesam.community\/fr\/wp-json\/wp\/v2\/pages\/24235"}],"wp:attachment":[{"href":"https:\/\/cesam.community\/fr\/wp-json\/wp\/v2\/media?parent=26213"}],"curies":[{"name":"wp","href":"https:\/\/api.w.org\/{rel}","templated":true}]}}