{"id":30679,"date":"2022-07-13T16:41:55","date_gmt":"2022-07-13T14:41:55","guid":{"rendered":"https:\/\/cesam.community\/?page_id=30679"},"modified":"2022-10-07T19:45:45","modified_gmt":"2022-10-07T17:45:45","slug":"nos-publications","status":"publish","type":"page","link":"https:\/\/cesam.community\/fr\/nos-publications\/","title":{"rendered":"Nos publications"},"content":{"rendered":"<div class=\"wpb-content-wrapper\"><section class=\"vc_row wpb_row vc_row-fluid\"><div class=\"wpb_column vc_column_container vc_col-sm-12 vc_col-md-offset-1 vc_col-md-10 col-xs-mobile-fullwidth\"><div class=\"vc_column-inner \"><div class=\"wpb_wrapper\"><span class=\"text-extra-large margin-25px-bottom display-inline-block alt-font text-uppercase heading-style3  vc_custom_1657873012801  heading-1\"  style=\"font-weight: 600; color: #000000;\">Publications en libre acc\u00e8s sur notre site<\/span><div class=\"vc_row wpb_row vc_inner vc_row-fluid\"><div class=\"wpb_column vc_column_container vc_col-sm-4  col-xs-mobile-fullwidth text-center\"><div class=\"vc_column-inner \"><div class=\"wpb_wrapper\">[vc_single_image image=\u00a0\u00bb30707&Prime; img_size=\u00a0\u00bbmedium\u00a0\u00bb alignment=\u00a0\u00bbcenter\u00a0\u00bb onclick=\u00a0\u00bbcustom_link\u00a0\u00bb link=\u00a0\u00bbhttps:\/\/cesam.community\/wp-content\/uploads\/2022\/07\/Agile-Architecture-Open-Group.pdf\u00a0\u00bb]<span class=\"text-extra-large margin-25px-bottom display-inline-block alt-font text-uppercase heading-style3  vc_custom_1657870622465  heading-2\"  style=\"font-size: 14px; font-weight: 600; color: #232323;\" data-fontsize=\"14px\">Agile Architecture in the Digital Age<\/span><div class=\" vc_custom_1657870821903 last-paragraph-no-margin\"><p style=\"text-align: center;\"><em>Barbazange H., Beijer P., Bunouf J.M., Cabot X., Kinson C., Krob D., L\u00e9 F., Le Cam J.P., Lonjon A., R\u00e9gnier J\u00a0., Agile Architecture in the digital age, The Open Group, 26 pages, 2017<\/em><\/p>\n<\/div>[vc_btn title=\u00a0\u00bbVoir le document\u00a0\u00bb style=\u00a0\u00bbclassic\u00a0\u00bb color=\u00a0\u00bbblack\u00a0\u00bb align=\u00a0\u00bbcenter\u00a0\u00bb link=\u00a0\u00bburl:https%3A%2F%2Fcesam.community%2Fwp-content%2Fuploads%2F2022%2F07%2FAgile-Architecture-Open-Group.pdf|title:Voir%20le%20document\u00a0\u00bb css=\u00a0\u00bb.vc_custom_1657870598677{margin-bottom: 50px !important;}\u00a0\u00bb]<\/div><\/div><\/div><div class=\"wpb_column vc_column_container vc_col-sm-4  col-xs-mobile-fullwidth text-center\"><div class=\"vc_column-inner \"><div class=\"wpb_wrapper\">[vc_single_image image=\u00a0\u00bb30704&Prime; img_size=\u00a0\u00bbmedium\u00a0\u00bb alignment=\u00a0\u00bbcenter\u00a0\u00bb onclick=\u00a0\u00bbcustom_link\u00a0\u00bb link=\u00a0\u00bbhttps:\/\/cesam.community\/wp-content\/uploads\/2021\/06\/Livre-blanc-Maitriser-la-complexite-pour-developper-sa-competitivite.pdf\u00a0\u00bb]<span class=\"text-extra-large margin-25px-bottom display-inline-block alt-font text-uppercase heading-style3  vc_custom_1657870768009  heading-3\"  style=\"font-size: 14px; font-weight: 600; color: #232323;\" data-fontsize=\"14px\">Ma\u00eetriser la complexit\u00e9 pour d\u00e9velopper sa comp\u00e9titivit\u00e9<\/span><div class=\" vc_custom_1657872408512 last-paragraph-no-margin\"><p><em>Bloch A., Cabot X., Krob D., Peignot J., Maitriser la complexit\u00e9 pour d\u00e9velopper sa comp\u00e9titivit\u00e9, Etude CESAMES \u2013 Ecole Polytechnique \u2013 HEC, 46 pages, 2015.<\/em><\/p>\n<\/div>[vc_btn title=\u00a0\u00bbVoir le document\u00a0\u00bb style=\u00a0\u00bbclassic\u00a0\u00bb color=\u00a0\u00bbblack\u00a0\u00bb align=\u00a0\u00bbcenter\u00a0\u00bb link=\u00a0\u00bburl:https%3A%2F%2Fcesam.community%2Fwp-content%2Fuploads%2F2021%2F06%2FLivre-blanc-Maitriser-la-complexite-pour-developper-sa-competitivite.pdf|title:Voir%20le%20document\u00a0\u00bb]<\/div><\/div><\/div><div class=\"wpb_column vc_column_container vc_col-sm-4  col-xs-mobile-fullwidth text-center\"><div class=\"vc_column-inner \"><div class=\"wpb_wrapper\">[vc_single_image image=\u00a0\u00bb30701&Prime; img_size=\u00a0\u00bbmedium\u00a0\u00bb alignment=\u00a0\u00bbcenter\u00a0\u00bb onclick=\u00a0\u00bbcustom_link\u00a0\u00bb link=\u00a0\u00bbhttps:\/\/cesam.community\/wp-content\/uploads\/2022\/07\/Integration-et-complexite-des-systemes-numeriques.pdf\u00a0\u00bb]<span class=\"text-extra-large margin-25px-bottom display-inline-block alt-font text-uppercase heading-style3  vc_custom_1657870785964  heading-4\"  style=\"font-size: 14px; font-weight: 600; color: #232323;\" data-fontsize=\"14px\">Int\u00e9gration et complexit\u00e9 des syst\u00e8mes num\u00e9riques<\/span><div class=\" vc_custom_1657872418264 last-paragraph-no-margin\"><p><em>CESAMES, Int\u00e9grit\u00e9 et complexit\u00e9 des syst\u00e8mes num\u00e9riques, Livre Blanc, 21 pages, 2012<\/em><\/p>\n<\/div>[vc_btn title=\u00a0\u00bbVoir le document\u00a0\u00bb style=\u00a0\u00bbclassic\u00a0\u00bb color=\u00a0\u00bbblack\u00a0\u00bb align=\u00a0\u00bbcenter\u00a0\u00bb link=\u00a0\u00bburl:https%3A%2F%2Fcesam.community%2Fwp-content%2Fuploads%2F2022%2F07%2FIntegration-et-complexite-des-systemes-numeriques.pdf|title:Voir%20le%20document\u00a0\u00bb]<\/div><\/div><\/div><\/div><div class=\"vc_row wpb_row vc_inner vc_row-fluid\"><div class=\"wpb_column vc_column_container vc_col-sm-4  col-xs-mobile-fullwidth text-center\"><div class=\"vc_column-inner \"><div class=\"wpb_wrapper\">[vc_single_image image=\u00a0\u00bb30691&Prime; img_size=\u00a0\u00bbmedium\u00a0\u00bb alignment=\u00a0\u00bbcenter\u00a0\u00bb onclick=\u00a0\u00bbcustom_link\u00a0\u00bb link=\u00a0\u00bbhttps:\/\/cesam.community\/wp-content\/uploads\/2022\/07\/enjeux-et-competences.pdf\u00a0\u00bb]<span class=\"text-extra-large margin-25px-bottom display-inline-block alt-font heading-style3  vc_custom_1657870868910  heading-5\"  style=\"font-size: 14px; font-weight: 600; color: #232323;\" data-fontsize=\"14px\">ENJEUX &amp; COMP\u00c9TENCES DE LA TRANSFORMATION NUM\u00c9RIQUE<\/span><div class=\" vc_custom_1657870903484 last-paragraph-no-margin\"><p style=\"text-align: center;\"><em>CESAMES, The Open Group, Enjeux et comp\u00e9tences de la transformation num\u00e9rique, Livre Blanc, 10 pages, 2014<\/em><\/p>\n<\/div>[vc_btn title=\u00a0\u00bbVoir le document\u00a0\u00bb style=\u00a0\u00bbclassic\u00a0\u00bb color=\u00a0\u00bbblack\u00a0\u00bb align=\u00a0\u00bbcenter\u00a0\u00bb link=\u00a0\u00bburl:https%3A%2F%2Fcesam.community%2Fwp-content%2Fuploads%2F2022%2F07%2Fenjeux-et-competences.pdf|title:Voir%20le%20document\u00a0\u00bb]<\/div><\/div><\/div><div class=\"wpb_column vc_column_container vc_col-sm-4  col-xs-mobile-fullwidth text-center\"><div class=\"vc_column-inner \"><div class=\"wpb_wrapper\">[vc_single_image image=\u00a0\u00bb30698&Prime; img_size=\u00a0\u00bbmedium\u00a0\u00bb alignment=\u00a0\u00bbcenter\u00a0\u00bb onclick=\u00a0\u00bbcustom_link\u00a0\u00bb link=\u00a0\u00bbhttps:\/\/cesam.community\/wp-content\/uploads\/2022\/07\/LIVRE_BLANC_GT_ASI_V_Finale.pdf\u00a0\u00bb]<span class=\"text-extra-large margin-25px-bottom display-inline-block alt-font text-uppercase heading-style3  vc_custom_1657870882385  heading-6\"  style=\"font-size: 14px; font-weight: 600; color: #232323;\" data-fontsize=\"14px\">L\u2019architecture des syst\u00e8mes d\u2019innovation des Entreprises<\/span><div class=\" vc_custom_1657870923839 last-paragraph-no-margin\"><p style=\"text-align: center;\">CESAMES, ViaNoveo, Architecture des syst\u00e8mes d\u2019innovation d\u2019entreprise, Livre Blanc, 21 pages, 2013<\/p>\n<\/div>[vc_btn title=\u00a0\u00bbVoir le document\u00a0\u00bb style=\u00a0\u00bbclassic\u00a0\u00bb color=\u00a0\u00bbblack\u00a0\u00bb align=\u00a0\u00bbcenter\u00a0\u00bb link=\u00a0\u00bburl:https%3A%2F%2Fcesam.community%2Fwp-content%2Fuploads%2F2022%2F07%2FLIVRE_BLANC_GT_ASI_V_Finale.pdf|title:Voir%20le%20document\u00a0\u00bb]<\/div><\/div><\/div><div class=\"wpb_column vc_column_container vc_col-sm-4  col-xs-mobile-fullwidth text-center\"><div class=\"vc_column-inner \"><div class=\"wpb_wrapper\">[vc_single_image image=\u00a0\u00bb30740&Prime; img_size=\u00a0\u00bbmedium\u00a0\u00bb alignment=\u00a0\u00bbcenter\u00a0\u00bb onclick=\u00a0\u00bbcustom_link\u00a0\u00bb link=\u00a0\u00bbhttps:\/\/cesam.community\/wp-content\/uploads\/2022\/07\/LIVRE_BLANC_GT_ASI_V_Finale.pdf\u00a0\u00bb]<span class=\"text-extra-large margin-25px-bottom display-inline-block alt-font text-uppercase heading-style3  vc_custom_1657871167731  heading-7\"  style=\"font-size: 14px; font-weight: 600; color: #232323;\" data-fontsize=\"14px\">CESAMES SYSTEMS ARCHITECTING METHOD<\/span><div class=\" vc_custom_1657871107511 last-paragraph-no-margin\"><p style=\"text-align: center;\"><em>CESAMES, CESAM: CESAMES Systems Architecting Method \u2013 A Pocket Guide, 133 pages, 2017<\/em><\/p>\n<\/div>[vc_btn title=\u00a0\u00bbVoir le document\u00a0\u00bb style=\u00a0\u00bbclassic\u00a0\u00bb color=\u00a0\u00bbblack\u00a0\u00bb align=\u00a0\u00bbcenter\u00a0\u00bb link=\u00a0\u00bburl:https%3A%2F%2Fcesam.community%2Fle-guide-cesam%2F|title:Voir%20le%20document\u00a0\u00bb]<\/div><\/div><\/div><\/div><div class=\"vc_row wpb_row vc_inner vc_row-fluid  vc_custom_1657723283753\"><div class=\"wpb_column vc_column_container vc_col-sm-4  col-xs-mobile-fullwidth text-center\"><div class=\"vc_column-inner \"><div class=\"wpb_wrapper\"><\/div><\/div><\/div><div class=\"wpb_column vc_column_container vc_col-sm-4  col-xs-mobile-fullwidth text-center\"><div class=\"vc_column-inner \"><div class=\"wpb_wrapper\"><\/div><\/div><\/div><\/div>[vc_separator css=\u00a0\u00bb.vc_custom_1657869422283{margin-top: 20px !important;margin-bottom: 20px !important;}\u00a0\u00bb]<span class=\"text-extra-large margin-25px-bottom display-inline-block alt-font text-uppercase heading-style3  vc_custom_1657872896893  heading-8\"  style=\"font-weight: 600; color: #000000;\">Liens vers publications externes (cliquer sur le titre)<\/span><div class=\"last-paragraph-no-margin\"><ol>\n<li><span style=\"font-size: 14pt;\">Krob D., <strong><a href=\"https:\/\/books.openedition.org\/cdf\/3388?lang=fr\"><em>El\u00e9ments de syst\u00e9mique \u2013 Architecture de syst\u00e8mes<\/em><\/a>,<\/strong> [in Complexit\u00e9-Simplexit\u00e9, A. Berthoz &#8211; J.L. Petit, Eds.], Editions Odile Jacob, 2012<\/span><\/li>\n<li><span style=\"font-size: 14pt;\">Krob D., <strong><a href=\"https:\/\/books.openedition.org\/editionscnrs\/10949?lang=fr\"><em>El\u00e9ments de mod\u00e9lisation syst\u00e9mique<\/em><\/a><\/strong>, [in L\u2019Energie \u00e0 d\u00e9couvert, R. Mossery &#8211; C. Jeandel, Eds.], CNRS Editions, 2013<\/span><\/li>\n<li><span style=\"font-size: 14pt;\">Krob D., <a href=\"https:\/\/www.iste.co.uk\/book.php?id=1873\"><em><strong>Model-Based Systems Architecting \u2013 Using CESAM to Architect Complex Systems<\/strong><\/em><\/a>, ISTE \u2013 Wiley, 217 pages, 2022<\/span><\/li>\n<li><span style=\"font-size: 14pt;\">Sillito H., Martin J., Griego R., Mc. Kinney D., Arnold E., Godfrey P., Krob D., Dori D., Jackson S., <a href=\"https:\/\/onlinelibrary.wiley.com\/doi\/abs\/10.1002\/j.2334-5837.2018.00542.x\"><strong><em>What do we mean by \u201csystem\u201d? \u2013 System Beliefs and Worldviews in the INCOSE Community, INCOSE<\/em><\/strong><\/a>, White Paper, 2018<\/span><\/li>\n<\/ol>\n<\/div><\/div><\/div><\/div><\/section>\n<\/div>","protected":false},"excerpt":{"rendered":"Publications en libre acc\u00e8s sur notre site[vc_single_image image=\"30707\" img_size=\"medium\" alignment=\"center\" onclick=\"custom_link\" link=\"https:\/\/cesam.community\/wp-content\/uploads\/2022\/07\/Agile-Architecture-Open-Group.pdf\"]Agile Architecture in the Digital AgeBarbazange H., Beijer P., Bunouf J.M., Cabot X., Kinson C., Krob D., L\u00e9 F., Le Cam J.P., Lonjon A., R\u00e9gnier J\u00a0., Agile Architecture in the digital age, The Open Group, 26 pages, 2017 [vc_btn title=\"Voir le document\" style=\"classic\" color=\"black\" align=\"center\" link=\"url:https%3A%2F%2Fcesam.community%2Fwp-content%2Fuploads%2F2022%2F07%2FAgile-Architecture-Open-Group.pdf|title:Voir%20le%20document\" css=\".vc_custom_1657870598677{margin-bottom: 50px !important;}\"][vc_single_image image=\"30704\" img_size=\"medium\" alignment=\"center\" onclick=\"custom_link\" link=\"https:\/\/cesam.community\/wp-content\/uploads\/2021\/06\/Livre-blanc-Maitriser-la-complexite-pour-developper-sa-competitivite.pdf\"]Ma\u00eetriser la complexit\u00e9 pour d\u00e9velopper sa comp\u00e9titivit\u00e9Bloch A., Cabot X., Krob D., Peignot J., Maitriser la complexit\u00e9 pour d\u00e9velopper sa comp\u00e9titivit\u00e9, Etude CESAMES \u2013 Ecole Polytechnique \u2013 HEC, 46 pages, 2015. [vc_btn title=\"Voir le document\" style=\"classic\" color=\"black\" align=\"center\" link=\"url:https%3A%2F%2Fcesam.community%2Fwp-content%2Fuploads%2F2021%2F06%2FLivre-blanc-Maitriser-la-complexite-pour-developper-sa-competitivite.pdf|title:Voir%20le%20document\"][vc_single_image image=\"30701\" img_size=\"medium\" alignment=\"center\" onclick=\"custom_link\" link=\"https:\/\/cesam.community\/wp-content\/uploads\/2022\/07\/Integration-et-complexite-des-systemes-numeriques.pdf\"]Int\u00e9gration et complexit\u00e9 des syst\u00e8mes num\u00e9riquesCESAMES, Int\u00e9grit\u00e9 et complexit\u00e9 des syst\u00e8mes num\u00e9riques, Livre Blanc, 21 pages, 2012 [vc_btn title=\"Voir le document\" style=\"classic\" color=\"black\" align=\"center\" link=\"url:https%3A%2F%2Fcesam.community%2Fwp-content%2Fuploads%2F2022%2F07%2FIntegration-et-complexite-des-systemes-numeriques.pdf|title:Voir%20le%20document\"][vc_single_image image=\"30691\" img_size=\"medium\" alignment=\"center\" onclick=\"custom_link\" link=\"https:\/\/cesam.community\/wp-content\/uploads\/2022\/07\/enjeux-et-competences.pdf\"]ENJEUX &amp; COMP\u00c9TENCES DE LA TRANSFORMATION NUM\u00c9RIQUECESAMES, The Open Group, Enjeux et comp\u00e9tences de la transformation num\u00e9rique, Livre Blanc, 10 pages, 2014 [vc_btn title=\"Voir le document\" style=\"classic\" color=\"black\" align=\"center\" link=\"url:https%3A%2F%2Fcesam.community%2Fwp-content%2Fuploads%2F2022%2F07%2Fenjeux-et-competences.pdf|title:Voir%20le%20document\"][vc_single_image image=\"30698\" img_size=\"medium\" alignment=\"center\" onclick=\"custom_link\" link=\"https:\/\/cesam.community\/wp-content\/uploads\/2022\/07\/LIVRE_BLANC_GT_ASI_V_Finale.pdf\"]L\u2019architecture des syst\u00e8mes d\u2019innovation des EntreprisesCESAMES, ViaNoveo, Architecture des syst\u00e8mes d\u2019innovation d\u2019entreprise, Livre Blanc, 21 pages, 2013 [vc_btn title=\"Voir le document\" style=\"classic\" color=\"black\" align=\"center\" link=\"url:https%3A%2F%2Fcesam.community%2Fwp-content%2Fuploads%2F2022%2F07%2FLIVRE_BLANC_GT_ASI_V_Finale.pdf|title:Voir%20le%20document\"][vc_single_image image=\"30740\" img_size=\"medium\" alignment=\"center\" onclick=\"custom_link\" link=\"https:\/\/cesam.community\/wp-content\/uploads\/2022\/07\/LIVRE_BLANC_GT_ASI_V_Finale.pdf\"]CESAMES...","protected":false},"author":1,"featured_media":0,"parent":0,"menu_order":0,"comment_status":"closed","ping_status":"closed","template":"","meta":{"footnotes":""},"yoast_head":"<!-- This site is optimized with the Yoast SEO plugin v24.2 - https:\/\/yoast.com\/wordpress\/plugins\/seo\/ -->\n<title>Nos publications - Cesam Community<\/title>\n<meta name=\"robots\" content=\"index, follow, max-snippet:-1, max-image-preview:large, max-video-preview:-1\" \/>\n<link rel=\"canonical\" href=\"https:\/\/cesam.community\/fr\/nos-publications\/\" \/>\n<meta property=\"og:locale\" content=\"fr_FR\" \/>\n<meta property=\"og:type\" content=\"article\" \/>\n<meta property=\"og:title\" content=\"Nos publications - Cesam Community\" \/>\n<meta property=\"og:url\" content=\"https:\/\/cesam.community\/fr\/nos-publications\/\" \/>\n<meta property=\"og:site_name\" content=\"Cesam Community\" \/>\n<meta property=\"article:modified_time\" content=\"2022-10-07T17:45:45+00:00\" \/>\n<meta name=\"twitter:card\" content=\"summary_large_image\" \/>\n<meta name=\"twitter:site\" content=\"@cesamcommunity\" \/>\n<meta name=\"twitter:label1\" content=\"Dur\u00e9e de lecture estim\u00e9e\" \/>\n\t<meta name=\"twitter:data1\" content=\"3 minutes\" \/>\n<script type=\"application\/ld+json\" class=\"yoast-schema-graph\">{\"@context\":\"https:\/\/schema.org\",\"@graph\":[{\"@type\":\"WebPage\",\"@id\":\"https:\/\/cesam.community\/fr\/nos-publications\/\",\"url\":\"https:\/\/cesam.community\/fr\/nos-publications\/\",\"name\":\"Nos publications - Cesam Community\",\"isPartOf\":{\"@id\":\"https:\/\/cesam.community\/fr\/#website\"},\"datePublished\":\"2022-07-13T14:41:55+00:00\",\"dateModified\":\"2022-10-07T17:45:45+00:00\",\"breadcrumb\":{\"@id\":\"https:\/\/cesam.community\/fr\/nos-publications\/#breadcrumb\"},\"inLanguage\":\"fr-FR\",\"potentialAction\":[{\"@type\":\"ReadAction\",\"target\":[\"https:\/\/cesam.community\/fr\/nos-publications\/\"]}]},{\"@type\":\"BreadcrumbList\",\"@id\":\"https:\/\/cesam.community\/fr\/nos-publications\/#breadcrumb\",\"itemListElement\":[{\"@type\":\"ListItem\",\"position\":1,\"name\":\"Accueil\",\"item\":\"https:\/\/cesam.community\/fr\/\"},{\"@type\":\"ListItem\",\"position\":2,\"name\":\"Nos publications\"}]},{\"@type\":\"WebSite\",\"@id\":\"https:\/\/cesam.community\/fr\/#website\",\"url\":\"https:\/\/cesam.community\/fr\/\",\"name\":\"Cesam Community\",\"description\":\"La communaut\u00e9 CESAM\",\"publisher\":{\"@id\":\"https:\/\/cesam.community\/fr\/#organization\"},\"potentialAction\":[{\"@type\":\"SearchAction\",\"target\":{\"@type\":\"EntryPoint\",\"urlTemplate\":\"https:\/\/cesam.community\/fr\/?s={search_term_string}\"},\"query-input\":{\"@type\":\"PropertyValueSpecification\",\"valueRequired\":true,\"valueName\":\"search_term_string\"}}],\"inLanguage\":\"fr-FR\"},{\"@type\":\"Organization\",\"@id\":\"https:\/\/cesam.community\/fr\/#organization\",\"name\":\"CESAM Community\",\"url\":\"https:\/\/cesam.community\/fr\/\",\"logo\":{\"@type\":\"ImageObject\",\"inLanguage\":\"fr-FR\",\"@id\":\"https:\/\/cesam.community\/fr\/#\/schema\/logo\/image\/\",\"url\":\"https:\/\/cesam.community\/wp-content\/uploads\/2021\/04\/cesam_community_logo_v4.png\",\"contentUrl\":\"https:\/\/cesam.community\/wp-content\/uploads\/2021\/04\/cesam_community_logo_v4.png\",\"width\":7310,\"height\":1018,\"caption\":\"CESAM Community\"},\"image\":{\"@id\":\"https:\/\/cesam.community\/fr\/#\/schema\/logo\/image\/\"},\"sameAs\":[\"https:\/\/x.com\/cesamcommunity\",\"https:\/\/www.linkedin.com\/company\/community-cesam\/about\/\"]}]}<\/script>\n<!-- \/ Yoast SEO plugin. -->","yoast_head_json":{"title":"Nos publications - Cesam Community","robots":{"index":"index","follow":"follow","max-snippet":"max-snippet:-1","max-image-preview":"max-image-preview:large","max-video-preview":"max-video-preview:-1"},"canonical":"https:\/\/cesam.community\/fr\/nos-publications\/","og_locale":"fr_FR","og_type":"article","og_title":"Nos publications - Cesam Community","og_url":"https:\/\/cesam.community\/fr\/nos-publications\/","og_site_name":"Cesam Community","article_modified_time":"2022-10-07T17:45:45+00:00","twitter_card":"summary_large_image","twitter_site":"@cesamcommunity","twitter_misc":{"Dur\u00e9e de lecture estim\u00e9e":"3 minutes"},"schema":{"@context":"https:\/\/schema.org","@graph":[{"@type":"WebPage","@id":"https:\/\/cesam.community\/fr\/nos-publications\/","url":"https:\/\/cesam.community\/fr\/nos-publications\/","name":"Nos publications - Cesam Community","isPartOf":{"@id":"https:\/\/cesam.community\/fr\/#website"},"datePublished":"2022-07-13T14:41:55+00:00","dateModified":"2022-10-07T17:45:45+00:00","breadcrumb":{"@id":"https:\/\/cesam.community\/fr\/nos-publications\/#breadcrumb"},"inLanguage":"fr-FR","potentialAction":[{"@type":"ReadAction","target":["https:\/\/cesam.community\/fr\/nos-publications\/"]}]},{"@type":"BreadcrumbList","@id":"https:\/\/cesam.community\/fr\/nos-publications\/#breadcrumb","itemListElement":[{"@type":"ListItem","position":1,"name":"Accueil","item":"https:\/\/cesam.community\/fr\/"},{"@type":"ListItem","position":2,"name":"Nos publications"}]},{"@type":"WebSite","@id":"https:\/\/cesam.community\/fr\/#website","url":"https:\/\/cesam.community\/fr\/","name":"Cesam Community","description":"La communaut\u00e9 CESAM","publisher":{"@id":"https:\/\/cesam.community\/fr\/#organization"},"potentialAction":[{"@type":"SearchAction","target":{"@type":"EntryPoint","urlTemplate":"https:\/\/cesam.community\/fr\/?s={search_term_string}"},"query-input":{"@type":"PropertyValueSpecification","valueRequired":true,"valueName":"search_term_string"}}],"inLanguage":"fr-FR"},{"@type":"Organization","@id":"https:\/\/cesam.community\/fr\/#organization","name":"CESAM Community","url":"https:\/\/cesam.community\/fr\/","logo":{"@type":"ImageObject","inLanguage":"fr-FR","@id":"https:\/\/cesam.community\/fr\/#\/schema\/logo\/image\/","url":"https:\/\/cesam.community\/wp-content\/uploads\/2021\/04\/cesam_community_logo_v4.png","contentUrl":"https:\/\/cesam.community\/wp-content\/uploads\/2021\/04\/cesam_community_logo_v4.png","width":7310,"height":1018,"caption":"CESAM Community"},"image":{"@id":"https:\/\/cesam.community\/fr\/#\/schema\/logo\/image\/"},"sameAs":["https:\/\/x.com\/cesamcommunity","https:\/\/www.linkedin.com\/company\/community-cesam\/about\/"]}]}},"_links":{"self":[{"href":"https:\/\/cesam.community\/fr\/wp-json\/wp\/v2\/pages\/30679"}],"collection":[{"href":"https:\/\/cesam.community\/fr\/wp-json\/wp\/v2\/pages"}],"about":[{"href":"https:\/\/cesam.community\/fr\/wp-json\/wp\/v2\/types\/page"}],"author":[{"embeddable":true,"href":"https:\/\/cesam.community\/fr\/wp-json\/wp\/v2\/users\/1"}],"replies":[{"embeddable":true,"href":"https:\/\/cesam.community\/fr\/wp-json\/wp\/v2\/comments?post=30679"}],"version-history":[{"count":29,"href":"https:\/\/cesam.community\/fr\/wp-json\/wp\/v2\/pages\/30679\/revisions"}],"predecessor-version":[{"id":30755,"href":"https:\/\/cesam.community\/fr\/wp-json\/wp\/v2\/pages\/30679\/revisions\/30755"}],"wp:attachment":[{"href":"https:\/\/cesam.community\/fr\/wp-json\/wp\/v2\/media?parent=30679"}],"curies":[{"name":"wp","href":"https:\/\/api.w.org\/{rel}","templated":true}]}}