{"id":33089,"date":"2023-01-06T16:08:27","date_gmt":"2023-01-06T15:08:27","guid":{"rendered":"https:\/\/cesam.community\/?page_id=33089"},"modified":"2023-01-10T10:51:41","modified_gmt":"2023-01-10T09:51:41","slug":"membership-iea-day-2022","status":"publish","type":"page","link":"https:\/\/cesam.community\/fr\/industrial-architecture-day-2022\/membership-iea-day-2022\/","title":{"rendered":"MEMBERSHIP IEA Day 2022"},"content":{"rendered":"<div class=\"wpb-content-wrapper\"><section class=\"vc_row wpb_row vc_row-fluid  vc_custom_1673015332588 pofo-row-responsive-69d295bd6aad9\"><div class=\"wpb_column vc_column_container vc_col-sm-12 vc_col-md-offset-1 vc_col-md-10 col-xs-mobile-fullwidth text-center\"><div class=\"vc_column-inner \"><div class=\"wpb_wrapper\"><h1 class=\"margin-100px-bottom xs-margin-40px-bottom font-weight-600 display-inline-block alt-font text-extra-small text-outside-line heading-style5  vc_custom_1673017677433  heading-1\"  style=\"font-size: 35px; font-weight: 600; color: #01af50;\" data-fontsize=\"35px\">IEA Day 2022<\/h1><\/div><\/div><\/div><\/section><section data-vc-full-width=\"true\" data-vc-full-width-init=\"false\" class=\"vc_row wpb_row vc_row-fluid  vc_custom_1673013919076 pofo-stretch-content pofo-stretch-row-container\"><div class=\"wpb_column vc_column_container vc_col-sm-12 vc_col-md-offset-1 vc_col-md-10 col-xs-mobile-fullwidth\"><div class=\"vc_column-inner  no-column-padding\"><div class=\"wpb_wrapper\"><div class=\"vc_row wpb_row vc_inner vc_row-fluid\"><div class=\"wpb_column vc_column_container vc_col-sm-12  col-xs-mobile-fullwidth text-center\"><div class=\"vc_column-inner vc_custom_1673013992404\"><div class=\"wpb_wrapper\">[vc_widget_sidebar sidebar_id=\u00a0\u00bbfooter-sidebar-23&Prime;]<\/div><\/div><\/div><\/div><div class=\"pofo-blog-grid\"><div class=\"col-3-nth-item \"><div class=\"blog-post-style3 blog-style4-1 margin-30px-bottom col-md-4 col-sm-6 col-xs-12  wow fadeInUp\"><div class=\"post-30143 post type-post status-publish format-standard hentry category-iea-day-2022-2 tag-presentation tag-replays\"><div class=\"grid-item\"><div class=\"blog-post bg-light-gray inner-match-height\"><div class=\"post-details padding-ten-all sm-padding-20px-all xs-text-center\"><div class=\"blog-hover-color\"><\/div><a class=\"alt-font post-title text-medium text-extra-dark-gray display-block entry-title\" href=\"https:\/\/cesam.community\/fr\/2022\/06\/10\/limpression-3d-metallique-une-nouvelle-facon-de-produire-digital-big-data-native\/\">[FR] L\u2019impression 3D metallique, une nouvelle fa\u00e7on de produire digital &#038; big data native<\/a><div class=\"entry-content no-margin-bottom margin-15px-top\">AddUp was born in 2016 from the desire of two major French industrial groups, Michelin...<\/div><div class=\"separator-line-horrizontal-full bg-medium-gray margin-20px-top sm-margin-15px-top\"><\/div><a href=\"https:\/\/cesam.community\/fr\/2022\/06\/10\/limpression-3d-metallique-une-nouvelle-facon-de-produire-digital-big-data-native\/\" class=\"btn-black btn no-margin-bottom margin-20px-top sm-margin-15px-top white-space-normal btn-very-small\">Continue reading<\/a><\/div><\/div><\/div><\/div><\/div><div class=\"blog-post-style3 blog-style4-2 margin-30px-bottom col-md-4 col-sm-6 col-xs-12  wow fadeInUp\" data-wow-delay=\"200ms\"><div class=\"post-30139 post type-post status-publish format-standard hentry category-iea-day-2022-2 tag-presentation tag-replays\"><div class=\"grid-item\"><div class=\"blog-post bg-light-gray inner-match-height\"><div class=\"post-details padding-ten-all sm-padding-20px-all xs-text-center\"><div class=\"blog-hover-color\"><\/div><a class=\"alt-font post-title text-medium text-extra-dark-gray display-block entry-title\" href=\"https:\/\/cesam.community\/fr\/2022\/06\/10\/industrie-du-futur-vision-de-la-transformation-de-lindustrie-au-niveau-europeen\/\">[FR] Industrie du futur &#8211; Vision de la transformation de l\u2019industrie au niveau europ\u00e9en<\/a><div class=\"entry-content no-margin-bottom margin-15px-top\">EIT Manufacturing is supported by the European Institute of Innovation and Technology (EIT), a body...<\/div><div class=\"separator-line-horrizontal-full bg-medium-gray margin-20px-top sm-margin-15px-top\"><\/div><a href=\"https:\/\/cesam.community\/fr\/2022\/06\/10\/industrie-du-futur-vision-de-la-transformation-de-lindustrie-au-niveau-europeen\/\" class=\"btn-black btn no-margin-bottom margin-20px-top sm-margin-15px-top white-space-normal btn-very-small\">Continue reading<\/a><\/div><\/div><\/div><\/div><\/div><div class=\"blog-post-style3 blog-style4-3 margin-30px-bottom col-md-4 col-sm-6 col-xs-12  wow fadeInUp\" data-wow-delay=\"400ms\"><div class=\"post-30131 post type-post status-publish format-standard hentry category-iea-day-2022-2 tag-presentation tag-replays\"><div class=\"grid-item\"><div class=\"blog-post bg-light-gray inner-match-height\"><div class=\"post-details padding-ten-all sm-padding-20px-all xs-text-center\"><div class=\"blog-hover-color\"><\/div><a class=\"alt-font post-title text-medium text-extra-dark-gray display-block entry-title\" href=\"https:\/\/cesam.community\/fr\/2022\/06\/10\/automated-quality-inspection-the-power-of-ai-and-computer-vision-to-boost-industrial-performance\/\">[FR] Automated quality inspection, the power of AI and Computer Vision to boost industrial performance<\/a><div class=\"entry-content no-margin-bottom margin-15px-top\">To reduce costs of non quality, it is important for manufacturers to identify non conformities...<\/div><div class=\"separator-line-horrizontal-full bg-medium-gray margin-20px-top sm-margin-15px-top\"><\/div><a href=\"https:\/\/cesam.community\/fr\/2022\/06\/10\/automated-quality-inspection-the-power-of-ai-and-computer-vision-to-boost-industrial-performance\/\" class=\"btn-black btn no-margin-bottom margin-20px-top sm-margin-15px-top white-space-normal btn-very-small\">Continue reading<\/a><\/div><\/div><\/div><\/div><\/div><div class=\"blog-post-style3 blog-style4-4 margin-30px-bottom col-md-4 col-sm-6 col-xs-12  wow fadeInUp\" data-wow-delay=\"600ms\"><div class=\"post-30129 post type-post status-publish format-standard hentry category-iea-day-2022-2 tag-presentation tag-replays\"><div class=\"grid-item\"><div class=\"blog-post bg-light-gray inner-match-height\"><div class=\"post-details padding-ten-all sm-padding-20px-all xs-text-center\"><div class=\"blog-hover-color\"><\/div><a class=\"alt-font post-title text-medium text-extra-dark-gray display-block entry-title\" href=\"https:\/\/cesam.community\/fr\/2022\/06\/10\/les-nouvelles-architectures-dautomatisme-quel-impact-sur-la-cybersecurite\/\">[FR] Les nouvelles architectures d\u2019automatisme : quel impact sur la cybers\u00e9curit\u00e9 ?<\/a><div class=\"entry-content no-margin-bottom margin-15px-top\">Les nouvelles architectures d\u2019automatisme qui sont \u00e0 la base d\u2019Industrie 4.0 reposent sur de nouveaux...<\/div><div class=\"separator-line-horrizontal-full bg-medium-gray margin-20px-top sm-margin-15px-top\"><\/div><a href=\"https:\/\/cesam.community\/fr\/2022\/06\/10\/les-nouvelles-architectures-dautomatisme-quel-impact-sur-la-cybersecurite\/\" class=\"btn-black btn no-margin-bottom margin-20px-top sm-margin-15px-top white-space-normal btn-very-small\">Continue reading<\/a><\/div><\/div><\/div><\/div><\/div><div class=\"blog-post-style3 blog-style4-5 margin-30px-bottom col-md-4 col-sm-6 col-xs-12  wow fadeInUp\" data-wow-delay=\"800ms\"><div class=\"post-30127 post type-post status-publish format-standard hentry category-iea-day-2022-2 tag-presentation tag-replays\"><div class=\"grid-item\"><div class=\"blog-post bg-light-gray inner-match-height\"><div class=\"post-details padding-ten-all sm-padding-20px-all xs-text-center\"><div class=\"blog-hover-color\"><\/div><a class=\"alt-font post-title text-medium text-extra-dark-gray display-block entry-title\" href=\"https:\/\/cesam.community\/fr\/2022\/06\/10\/la-cyber-securite-en-environnement-industriel\/\">[FR] La Cyber-S\u00e9curit\u00e9 en environnement Industriel<\/a><div class=\"entry-content no-margin-bottom margin-15px-top\">Cette session a pour objectif de faire un rapide tour d\u2019horizon des menaces cyber qui...<\/div><div class=\"separator-line-horrizontal-full bg-medium-gray margin-20px-top sm-margin-15px-top\"><\/div><a href=\"https:\/\/cesam.community\/fr\/2022\/06\/10\/la-cyber-securite-en-environnement-industriel\/\" class=\"btn-black btn no-margin-bottom margin-20px-top sm-margin-15px-top white-space-normal btn-very-small\">Continue reading<\/a><\/div><\/div><\/div><\/div><\/div><div class=\"blog-post-style3 blog-style4-6 margin-30px-bottom col-md-4 col-sm-6 col-xs-12  wow fadeInUp\" data-wow-delay=\"1000ms\"><div class=\"post-30123 post type-post status-publish format-standard hentry category-iea-day-2022-2 tag-presentation tag-replays\"><div class=\"grid-item\"><div class=\"blog-post bg-light-gray inner-match-height\"><div class=\"post-details padding-ten-all sm-padding-20px-all xs-text-center\"><div class=\"blog-hover-color\"><\/div><a class=\"alt-font post-title text-medium text-extra-dark-gray display-block entry-title\" href=\"https:\/\/cesam.community\/fr\/2022\/06\/10\/digital-twins-of-industrial-assets-cost-efficient-and-low-risk-implementation-at-scale\/\">[FR] Digital twins of industrial assets: cost efficient and low risk implementation at scale<\/a><div class=\"entry-content no-margin-bottom margin-15px-top\">Digital twins are complex, expensive to build and maintain. It becomes especially evident when companies...<\/div><div class=\"separator-line-horrizontal-full bg-medium-gray margin-20px-top sm-margin-15px-top\"><\/div><a href=\"https:\/\/cesam.community\/fr\/2022\/06\/10\/digital-twins-of-industrial-assets-cost-efficient-and-low-risk-implementation-at-scale\/\" class=\"btn-black btn no-margin-bottom margin-20px-top sm-margin-15px-top white-space-normal btn-very-small\">Continue reading<\/a><\/div><\/div><\/div><\/div><\/div><\/div><\/div><\/div><\/div><\/div><\/section><div class=\"vc_row-full-width vc_clearfix\"><\/div>\n<\/div>","protected":false},"excerpt":{"rendered":"Industrial Enterprise Architecture DayDigital twins of industrial assets: cost efficient and low risk implementation at scaleSpeaker: YAROSLAV LOGACHEVIoT\/AI Product Manager, ATOS Abstract: Digital twins are complex, expensive to build and maintain. It becomes especially evident when companies start moving beyond PoC, to a large scale roll out. At Atos we are working on an industrialized approach to build, roll out and continuously maintain digital twins across multiple type of equipment, several production lines and sites. During the session we will discuss challenges of such implementation at scale and solutions that help resolving them. [vc_video link=\"https:\/\/www.youtube.com\/watch?v=a_CVU28Nuvo\" el_width=\"90\" align=\"center\"]latest articlesPour un architecte de ligne de produit, g\u00e9rer le cycle de vie : Maintenance et \u00e9volutionL'\u00e9volution d'une gamme de produits est dict\u00e9e par l'\u00e9volution des besoins. Ces changements de besoins...Continue readingPour un architecte de ligne de produit, g\u00e9rer le cycle de vie : Cr\u00e9ation d\u2019une ligne de produitDeux cas sont possibles pour la cr\u00e9ation : \u2022 Des clients demandant des choses similaires...Continue readingPour faire d\u00e9filer les diapositives, utilisez la barre d'outils situ\u00e9e au bas de la pr\u00e9sentation. [pdf-embedder url=\"https:\/\/cesam.community\/wp-content\/uploads\/2022\/06\/IEA_day-22-Yaroslav_Logachev_-_Atos_-_IEA_Day.pdf\" title=\"IEA_day 22 Yaroslav_Logachev_-_Atos_-_IEA_Day\"]","protected":false},"author":1,"featured_media":0,"parent":28516,"menu_order":0,"comment_status":"closed","ping_status":"closed","template":"","meta":{"footnotes":""},"yoast_head":"<!-- This site is optimized with the Yoast SEO plugin v24.2 - https:\/\/yoast.com\/wordpress\/plugins\/seo\/ -->\n<title>MEMBERSHIP IEA Day 2022 - Cesam Community<\/title>\n<meta name=\"robots\" content=\"index, follow, max-snippet:-1, max-image-preview:large, max-video-preview:-1\" \/>\n<link rel=\"canonical\" href=\"https:\/\/cesam.community\/fr\/industrial-architecture-day-2022\/membership-iea-day-2022\/\" \/>\n<meta property=\"og:locale\" content=\"fr_FR\" \/>\n<meta property=\"og:type\" content=\"article\" \/>\n<meta property=\"og:title\" content=\"MEMBERSHIP IEA Day 2022 - Cesam Community\" \/>\n<meta property=\"og:url\" content=\"https:\/\/cesam.community\/fr\/industrial-architecture-day-2022\/membership-iea-day-2022\/\" \/>\n<meta property=\"og:site_name\" content=\"Cesam Community\" \/>\n<meta property=\"article:modified_time\" content=\"2023-01-10T09:51:41+00:00\" \/>\n<meta name=\"twitter:card\" content=\"summary_large_image\" \/>\n<meta name=\"twitter:site\" content=\"@cesamcommunity\" \/>\n<meta name=\"twitter:label1\" content=\"Dur\u00e9e de lecture estim\u00e9e\" \/>\n\t<meta name=\"twitter:data1\" content=\"1 minute\" \/>\n<script type=\"application\/ld+json\" class=\"yoast-schema-graph\">{\"@context\":\"https:\/\/schema.org\",\"@graph\":[{\"@type\":\"WebPage\",\"@id\":\"https:\/\/cesam.community\/fr\/industrial-architecture-day-2022\/membership-iea-day-2022\/\",\"url\":\"https:\/\/cesam.community\/fr\/industrial-architecture-day-2022\/membership-iea-day-2022\/\",\"name\":\"MEMBERSHIP IEA Day 2022 - Cesam Community\",\"isPartOf\":{\"@id\":\"https:\/\/cesam.community\/fr\/#website\"},\"datePublished\":\"2023-01-06T15:08:27+00:00\",\"dateModified\":\"2023-01-10T09:51:41+00:00\",\"breadcrumb\":{\"@id\":\"https:\/\/cesam.community\/fr\/industrial-architecture-day-2022\/membership-iea-day-2022\/#breadcrumb\"},\"inLanguage\":\"fr-FR\",\"potentialAction\":[{\"@type\":\"ReadAction\",\"target\":[\"https:\/\/cesam.community\/fr\/industrial-architecture-day-2022\/membership-iea-day-2022\/\"]}]},{\"@type\":\"BreadcrumbList\",\"@id\":\"https:\/\/cesam.community\/fr\/industrial-architecture-day-2022\/membership-iea-day-2022\/#breadcrumb\",\"itemListElement\":[{\"@type\":\"ListItem\",\"position\":1,\"name\":\"Accueil\",\"item\":\"https:\/\/cesam.community\/fr\/\"},{\"@type\":\"ListItem\",\"position\":2,\"name\":\"INDUSTRIAL ENTERPRISE ARCHITECTURE DAY 2022\",\"item\":\"https:\/\/cesam.community\/fr\/industrial-architecture-day-2022\/\"},{\"@type\":\"ListItem\",\"position\":3,\"name\":\"MEMBERSHIP IEA Day 2022\"}]},{\"@type\":\"WebSite\",\"@id\":\"https:\/\/cesam.community\/fr\/#website\",\"url\":\"https:\/\/cesam.community\/fr\/\",\"name\":\"Cesam Community\",\"description\":\"La communaut\u00e9 CESAM\",\"publisher\":{\"@id\":\"https:\/\/cesam.community\/fr\/#organization\"},\"potentialAction\":[{\"@type\":\"SearchAction\",\"target\":{\"@type\":\"EntryPoint\",\"urlTemplate\":\"https:\/\/cesam.community\/fr\/?s={search_term_string}\"},\"query-input\":{\"@type\":\"PropertyValueSpecification\",\"valueRequired\":true,\"valueName\":\"search_term_string\"}}],\"inLanguage\":\"fr-FR\"},{\"@type\":\"Organization\",\"@id\":\"https:\/\/cesam.community\/fr\/#organization\",\"name\":\"CESAM Community\",\"url\":\"https:\/\/cesam.community\/fr\/\",\"logo\":{\"@type\":\"ImageObject\",\"inLanguage\":\"fr-FR\",\"@id\":\"https:\/\/cesam.community\/fr\/#\/schema\/logo\/image\/\",\"url\":\"https:\/\/cesam.community\/wp-content\/uploads\/2021\/04\/cesam_community_logo_v4.png\",\"contentUrl\":\"https:\/\/cesam.community\/wp-content\/uploads\/2021\/04\/cesam_community_logo_v4.png\",\"width\":7310,\"height\":1018,\"caption\":\"CESAM Community\"},\"image\":{\"@id\":\"https:\/\/cesam.community\/fr\/#\/schema\/logo\/image\/\"},\"sameAs\":[\"https:\/\/x.com\/cesamcommunity\",\"https:\/\/www.linkedin.com\/company\/community-cesam\/about\/\"]}]}<\/script>\n<!-- \/ Yoast SEO plugin. -->","yoast_head_json":{"title":"MEMBERSHIP IEA Day 2022 - Cesam Community","robots":{"index":"index","follow":"follow","max-snippet":"max-snippet:-1","max-image-preview":"max-image-preview:large","max-video-preview":"max-video-preview:-1"},"canonical":"https:\/\/cesam.community\/fr\/industrial-architecture-day-2022\/membership-iea-day-2022\/","og_locale":"fr_FR","og_type":"article","og_title":"MEMBERSHIP IEA Day 2022 - Cesam Community","og_url":"https:\/\/cesam.community\/fr\/industrial-architecture-day-2022\/membership-iea-day-2022\/","og_site_name":"Cesam Community","article_modified_time":"2023-01-10T09:51:41+00:00","twitter_card":"summary_large_image","twitter_site":"@cesamcommunity","twitter_misc":{"Dur\u00e9e de lecture estim\u00e9e":"1 minute"},"schema":{"@context":"https:\/\/schema.org","@graph":[{"@type":"WebPage","@id":"https:\/\/cesam.community\/fr\/industrial-architecture-day-2022\/membership-iea-day-2022\/","url":"https:\/\/cesam.community\/fr\/industrial-architecture-day-2022\/membership-iea-day-2022\/","name":"MEMBERSHIP IEA Day 2022 - Cesam Community","isPartOf":{"@id":"https:\/\/cesam.community\/fr\/#website"},"datePublished":"2023-01-06T15:08:27+00:00","dateModified":"2023-01-10T09:51:41+00:00","breadcrumb":{"@id":"https:\/\/cesam.community\/fr\/industrial-architecture-day-2022\/membership-iea-day-2022\/#breadcrumb"},"inLanguage":"fr-FR","potentialAction":[{"@type":"ReadAction","target":["https:\/\/cesam.community\/fr\/industrial-architecture-day-2022\/membership-iea-day-2022\/"]}]},{"@type":"BreadcrumbList","@id":"https:\/\/cesam.community\/fr\/industrial-architecture-day-2022\/membership-iea-day-2022\/#breadcrumb","itemListElement":[{"@type":"ListItem","position":1,"name":"Accueil","item":"https:\/\/cesam.community\/fr\/"},{"@type":"ListItem","position":2,"name":"INDUSTRIAL ENTERPRISE ARCHITECTURE DAY 2022","item":"https:\/\/cesam.community\/fr\/industrial-architecture-day-2022\/"},{"@type":"ListItem","position":3,"name":"MEMBERSHIP IEA Day 2022"}]},{"@type":"WebSite","@id":"https:\/\/cesam.community\/fr\/#website","url":"https:\/\/cesam.community\/fr\/","name":"Cesam Community","description":"La communaut\u00e9 CESAM","publisher":{"@id":"https:\/\/cesam.community\/fr\/#organization"},"potentialAction":[{"@type":"SearchAction","target":{"@type":"EntryPoint","urlTemplate":"https:\/\/cesam.community\/fr\/?s={search_term_string}"},"query-input":{"@type":"PropertyValueSpecification","valueRequired":true,"valueName":"search_term_string"}}],"inLanguage":"fr-FR"},{"@type":"Organization","@id":"https:\/\/cesam.community\/fr\/#organization","name":"CESAM Community","url":"https:\/\/cesam.community\/fr\/","logo":{"@type":"ImageObject","inLanguage":"fr-FR","@id":"https:\/\/cesam.community\/fr\/#\/schema\/logo\/image\/","url":"https:\/\/cesam.community\/wp-content\/uploads\/2021\/04\/cesam_community_logo_v4.png","contentUrl":"https:\/\/cesam.community\/wp-content\/uploads\/2021\/04\/cesam_community_logo_v4.png","width":7310,"height":1018,"caption":"CESAM Community"},"image":{"@id":"https:\/\/cesam.community\/fr\/#\/schema\/logo\/image\/"},"sameAs":["https:\/\/x.com\/cesamcommunity","https:\/\/www.linkedin.com\/company\/community-cesam\/about\/"]}]}},"_links":{"self":[{"href":"https:\/\/cesam.community\/fr\/wp-json\/wp\/v2\/pages\/33089"}],"collection":[{"href":"https:\/\/cesam.community\/fr\/wp-json\/wp\/v2\/pages"}],"about":[{"href":"https:\/\/cesam.community\/fr\/wp-json\/wp\/v2\/types\/page"}],"author":[{"embeddable":true,"href":"https:\/\/cesam.community\/fr\/wp-json\/wp\/v2\/users\/1"}],"replies":[{"embeddable":true,"href":"https:\/\/cesam.community\/fr\/wp-json\/wp\/v2\/comments?post=33089"}],"version-history":[{"count":2,"href":"https:\/\/cesam.community\/fr\/wp-json\/wp\/v2\/pages\/33089\/revisions"}],"predecessor-version":[{"id":33091,"href":"https:\/\/cesam.community\/fr\/wp-json\/wp\/v2\/pages\/33089\/revisions\/33091"}],"up":[{"embeddable":true,"href":"https:\/\/cesam.community\/fr\/wp-json\/wp\/v2\/pages\/28516"}],"wp:attachment":[{"href":"https:\/\/cesam.community\/fr\/wp-json\/wp\/v2\/media?parent=33089"}],"curies":[{"name":"wp","href":"https:\/\/api.w.org\/{rel}","templated":true}]}}