{"id":28589,"date":"2022-02-24T09:55:05","date_gmt":"2022-02-24T08:55:05","guid":{"rendered":"https:\/\/cesam.community\/?post_type=product&#038;p=28589"},"modified":"2022-07-07T11:49:06","modified_gmt":"2022-07-07T09:49:06","slug":"iea-day-formule-en-ligne","status":"publish","type":"product","link":"https:\/\/cesam.community\/fr\/produit\/iea-day-formule-en-ligne\/","title":{"rendered":"IEA Day | Formule en ligne"},"content":{"rendered":"","protected":false},"excerpt":{"rendered":"<p>La formule en ligne vous permet d\u2019assister \u00e0 l\u2019ensemble des pr\u00e9sentations \u00e0 distance.<\/p>\n<p><strong>Bon \u00e0 savoir\u00a0 :<br \/>\n<\/strong>Un email avec le lien d\u2019acc\u00e8s \u00e0 la conf\u00e9rence vous sera envoy\u00e9 une semaine avant l\u2019\u00e9v\u00e9nement.<\/p>\n","protected":false},"featured_media":28590,"template":"","meta":[],"product_cat":[175],"product_tag":[],"yoast_head":"<!-- This site is optimized with the Yoast SEO plugin v24.2 - https:\/\/yoast.com\/wordpress\/plugins\/seo\/ -->\n<title>IEA Day | Formule en ligne - Cesam Community<\/title>\n<meta name=\"robots\" content=\"index, follow, max-snippet:-1, max-image-preview:large, max-video-preview:-1\" \/>\n<link rel=\"canonical\" href=\"https:\/\/cesam.community\/fr\/produit\/iea-day-formule-en-ligne\/\" \/>\n<meta property=\"og:locale\" content=\"fr_FR\" \/>\n<meta property=\"og:type\" content=\"article\" \/>\n<meta property=\"og:title\" content=\"IEA Day | Formule en ligne - Cesam Community\" \/>\n<meta property=\"og:description\" content=\"La formule en ligne vous permet d\u2019assister \u00e0 l\u2019ensemble des pr\u00e9sentations \u00e0 distance.  Bon \u00e0 savoir\u00a0 : Un email avec le lien d\u2019acc\u00e8s \u00e0 la conf\u00e9rence vous sera envoy\u00e9 une semaine avant l\u2019\u00e9v\u00e9nement.\" \/>\n<meta property=\"og:url\" content=\"https:\/\/cesam.community\/fr\/produit\/iea-day-formule-en-ligne\/\" \/>\n<meta property=\"og:site_name\" content=\"Cesam Community\" \/>\n<meta property=\"article:modified_time\" content=\"2022-07-07T09:49:06+00:00\" \/>\n<meta property=\"og:image\" content=\"https:\/\/cesam.community\/wp-content\/uploads\/2022\/02\/Formule-virtuelle-1.png\" \/>\n\t<meta property=\"og:image:width\" content=\"800\" \/>\n\t<meta property=\"og:image:height\" content=\"800\" \/>\n\t<meta property=\"og:image:type\" content=\"image\/png\" \/>\n<meta name=\"twitter:card\" content=\"summary_large_image\" \/>\n<meta name=\"twitter:site\" content=\"@cesamcommunity\" \/>\n<script type=\"application\/ld+json\" class=\"yoast-schema-graph\">{\"@context\":\"https:\/\/schema.org\",\"@graph\":[{\"@type\":\"WebPage\",\"@id\":\"https:\/\/cesam.community\/fr\/produit\/iea-day-formule-en-ligne\/\",\"url\":\"https:\/\/cesam.community\/fr\/produit\/iea-day-formule-en-ligne\/\",\"name\":\"IEA Day | Formule en ligne - Cesam Community\",\"isPartOf\":{\"@id\":\"https:\/\/cesam.community\/fr\/#website\"},\"primaryImageOfPage\":{\"@id\":\"https:\/\/cesam.community\/fr\/produit\/iea-day-formule-en-ligne\/#primaryimage\"},\"image\":{\"@id\":\"https:\/\/cesam.community\/fr\/produit\/iea-day-formule-en-ligne\/#primaryimage\"},\"thumbnailUrl\":\"https:\/\/cesam.community\/wp-content\/uploads\/2022\/02\/Formule-virtuelle-1.png\",\"datePublished\":\"2022-02-24T08:55:05+00:00\",\"dateModified\":\"2022-07-07T09:49:06+00:00\",\"breadcrumb\":{\"@id\":\"https:\/\/cesam.community\/fr\/produit\/iea-day-formule-en-ligne\/#breadcrumb\"},\"inLanguage\":\"fr-FR\",\"potentialAction\":[{\"@type\":\"ReadAction\",\"target\":[\"https:\/\/cesam.community\/fr\/produit\/iea-day-formule-en-ligne\/\"]}]},{\"@type\":\"ImageObject\",\"inLanguage\":\"fr-FR\",\"@id\":\"https:\/\/cesam.community\/fr\/produit\/iea-day-formule-en-ligne\/#primaryimage\",\"url\":\"https:\/\/cesam.community\/wp-content\/uploads\/2022\/02\/Formule-virtuelle-1.png\",\"contentUrl\":\"https:\/\/cesam.community\/wp-content\/uploads\/2022\/02\/Formule-virtuelle-1.png\",\"width\":800,\"height\":800,\"caption\":\"Formule en ligne IEAD\"},{\"@type\":\"BreadcrumbList\",\"@id\":\"https:\/\/cesam.community\/fr\/produit\/iea-day-formule-en-ligne\/#breadcrumb\",\"itemListElement\":[{\"@type\":\"ListItem\",\"position\":1,\"name\":\"Accueil\",\"item\":\"https:\/\/cesam.community\/fr\/\"},{\"@type\":\"ListItem\",\"position\":2,\"name\":\"Produits\",\"item\":\"https:\/\/cesam.community\/fr\/shop\/\"},{\"@type\":\"ListItem\",\"position\":3,\"name\":\"IEA Day | Formule en ligne\"}]},{\"@type\":\"WebSite\",\"@id\":\"https:\/\/cesam.community\/fr\/#website\",\"url\":\"https:\/\/cesam.community\/fr\/\",\"name\":\"Cesam Community\",\"description\":\"La communaut\u00e9 CESAM\",\"publisher\":{\"@id\":\"https:\/\/cesam.community\/fr\/#organization\"},\"potentialAction\":[{\"@type\":\"SearchAction\",\"target\":{\"@type\":\"EntryPoint\",\"urlTemplate\":\"https:\/\/cesam.community\/fr\/?s={search_term_string}\"},\"query-input\":{\"@type\":\"PropertyValueSpecification\",\"valueRequired\":true,\"valueName\":\"search_term_string\"}}],\"inLanguage\":\"fr-FR\"},{\"@type\":\"Organization\",\"@id\":\"https:\/\/cesam.community\/fr\/#organization\",\"name\":\"CESAM Community\",\"url\":\"https:\/\/cesam.community\/fr\/\",\"logo\":{\"@type\":\"ImageObject\",\"inLanguage\":\"fr-FR\",\"@id\":\"https:\/\/cesam.community\/fr\/#\/schema\/logo\/image\/\",\"url\":\"https:\/\/cesam.community\/wp-content\/uploads\/2021\/04\/cesam_community_logo_v4.png\",\"contentUrl\":\"https:\/\/cesam.community\/wp-content\/uploads\/2021\/04\/cesam_community_logo_v4.png\",\"width\":7310,\"height\":1018,\"caption\":\"CESAM Community\"},\"image\":{\"@id\":\"https:\/\/cesam.community\/fr\/#\/schema\/logo\/image\/\"},\"sameAs\":[\"https:\/\/x.com\/cesamcommunity\",\"https:\/\/www.linkedin.com\/company\/community-cesam\/about\/\"]}]}<\/script>\n<!-- \/ Yoast SEO plugin. -->","yoast_head_json":{"title":"IEA Day | Formule en ligne - Cesam Community","robots":{"index":"index","follow":"follow","max-snippet":"max-snippet:-1","max-image-preview":"max-image-preview:large","max-video-preview":"max-video-preview:-1"},"canonical":"https:\/\/cesam.community\/fr\/produit\/iea-day-formule-en-ligne\/","og_locale":"fr_FR","og_type":"article","og_title":"IEA Day | Formule en ligne - Cesam Community","og_description":"La formule en ligne vous permet d\u2019assister \u00e0 l\u2019ensemble des pr\u00e9sentations \u00e0 distance.  Bon \u00e0 savoir\u00a0 : Un email avec le lien d\u2019acc\u00e8s \u00e0 la conf\u00e9rence vous sera envoy\u00e9 une semaine avant l\u2019\u00e9v\u00e9nement.","og_url":"https:\/\/cesam.community\/fr\/produit\/iea-day-formule-en-ligne\/","og_site_name":"Cesam Community","article_modified_time":"2022-07-07T09:49:06+00:00","og_image":[{"width":800,"height":800,"url":"https:\/\/cesam.community\/wp-content\/uploads\/2022\/02\/Formule-virtuelle-1.png","type":"image\/png"}],"twitter_card":"summary_large_image","twitter_site":"@cesamcommunity","schema":{"@context":"https:\/\/schema.org","@graph":[{"@type":"WebPage","@id":"https:\/\/cesam.community\/fr\/produit\/iea-day-formule-en-ligne\/","url":"https:\/\/cesam.community\/fr\/produit\/iea-day-formule-en-ligne\/","name":"IEA Day | Formule en ligne - Cesam Community","isPartOf":{"@id":"https:\/\/cesam.community\/fr\/#website"},"primaryImageOfPage":{"@id":"https:\/\/cesam.community\/fr\/produit\/iea-day-formule-en-ligne\/#primaryimage"},"image":{"@id":"https:\/\/cesam.community\/fr\/produit\/iea-day-formule-en-ligne\/#primaryimage"},"thumbnailUrl":"https:\/\/cesam.community\/wp-content\/uploads\/2022\/02\/Formule-virtuelle-1.png","datePublished":"2022-02-24T08:55:05+00:00","dateModified":"2022-07-07T09:49:06+00:00","breadcrumb":{"@id":"https:\/\/cesam.community\/fr\/produit\/iea-day-formule-en-ligne\/#breadcrumb"},"inLanguage":"fr-FR","potentialAction":[{"@type":"ReadAction","target":["https:\/\/cesam.community\/fr\/produit\/iea-day-formule-en-ligne\/"]}]},{"@type":"ImageObject","inLanguage":"fr-FR","@id":"https:\/\/cesam.community\/fr\/produit\/iea-day-formule-en-ligne\/#primaryimage","url":"https:\/\/cesam.community\/wp-content\/uploads\/2022\/02\/Formule-virtuelle-1.png","contentUrl":"https:\/\/cesam.community\/wp-content\/uploads\/2022\/02\/Formule-virtuelle-1.png","width":800,"height":800,"caption":"Formule en ligne IEAD"},{"@type":"BreadcrumbList","@id":"https:\/\/cesam.community\/fr\/produit\/iea-day-formule-en-ligne\/#breadcrumb","itemListElement":[{"@type":"ListItem","position":1,"name":"Accueil","item":"https:\/\/cesam.community\/fr\/"},{"@type":"ListItem","position":2,"name":"Produits","item":"https:\/\/cesam.community\/fr\/shop\/"},{"@type":"ListItem","position":3,"name":"IEA Day | Formule en ligne"}]},{"@type":"WebSite","@id":"https:\/\/cesam.community\/fr\/#website","url":"https:\/\/cesam.community\/fr\/","name":"Cesam Community","description":"La communaut\u00e9 CESAM","publisher":{"@id":"https:\/\/cesam.community\/fr\/#organization"},"potentialAction":[{"@type":"SearchAction","target":{"@type":"EntryPoint","urlTemplate":"https:\/\/cesam.community\/fr\/?s={search_term_string}"},"query-input":{"@type":"PropertyValueSpecification","valueRequired":true,"valueName":"search_term_string"}}],"inLanguage":"fr-FR"},{"@type":"Organization","@id":"https:\/\/cesam.community\/fr\/#organization","name":"CESAM Community","url":"https:\/\/cesam.community\/fr\/","logo":{"@type":"ImageObject","inLanguage":"fr-FR","@id":"https:\/\/cesam.community\/fr\/#\/schema\/logo\/image\/","url":"https:\/\/cesam.community\/wp-content\/uploads\/2021\/04\/cesam_community_logo_v4.png","contentUrl":"https:\/\/cesam.community\/wp-content\/uploads\/2021\/04\/cesam_community_logo_v4.png","width":7310,"height":1018,"caption":"CESAM Community"},"image":{"@id":"https:\/\/cesam.community\/fr\/#\/schema\/logo\/image\/"},"sameAs":["https:\/\/x.com\/cesamcommunity","https:\/\/www.linkedin.com\/company\/community-cesam\/about\/"]}]}},"_links":{"self":[{"href":"https:\/\/cesam.community\/fr\/wp-json\/wp\/v2\/product\/28589"}],"collection":[{"href":"https:\/\/cesam.community\/fr\/wp-json\/wp\/v2\/product"}],"about":[{"href":"https:\/\/cesam.community\/fr\/wp-json\/wp\/v2\/types\/product"}],"wp:featuredmedia":[{"embeddable":true,"href":"https:\/\/cesam.community\/fr\/wp-json\/wp\/v2\/media\/28590"}],"wp:attachment":[{"href":"https:\/\/cesam.community\/fr\/wp-json\/wp\/v2\/media?parent=28589"}],"wp:term":[{"taxonomy":"product_cat","embeddable":true,"href":"https:\/\/cesam.community\/fr\/wp-json\/wp\/v2\/product_cat?post=28589"},{"taxonomy":"product_tag","embeddable":true,"href":"https:\/\/cesam.community\/fr\/wp-json\/wp\/v2\/product_tag?post=28589"}],"curies":[{"name":"wp","href":"https:\/\/api.w.org\/{rel}","templated":true}]}}