{"id":28592,"date":"2022-02-24T10:14:27","date_gmt":"2022-02-24T09:14:27","guid":{"rendered":"https:\/\/cesam.community\/?post_type=product&#038;p=28592"},"modified":"2022-07-07T11:48:58","modified_gmt":"2022-07-07T09:48:58","slug":"iea-day-formule-presentielle","status":"publish","type":"product","link":"https:\/\/cesam.community\/fr\/produit\/iea-day-formule-presentielle\/","title":{"rendered":"IEA Day | Formule pr\u00e9sentielle"},"content":{"rendered":"","protected":false},"excerpt":{"rendered":"<p>La formule pr\u00e9sentielle vous permet d&rsquo;assister \u00e0 l&rsquo;ensemble des pr\u00e9sentations ainsi qu&rsquo;aux diff\u00e9rentes pauses et au d\u00e9jeuner.<\/p>\n<p><strong>Le + de cette formule<\/strong> :<br \/>\nLa possibilit\u00e9 pendant la journ\u00e9e d&rsquo;\u00e9changer, partager, <span style=\"font-style: inherit;\">r\u00e9seauter<\/span><span style=\"font-style: inherit;\">\u00a0entre participants et\u00a0<\/span>intervenants.<\/p>\n<p>&nbsp;<\/p>\n","protected":false},"featured_media":28593,"template":"","meta":[],"product_cat":[175],"product_tag":[],"yoast_head":"<!-- This site is optimized with the Yoast SEO plugin v24.2 - https:\/\/yoast.com\/wordpress\/plugins\/seo\/ -->\n<title>IEA Day | Formule pr\u00e9sentielle - Cesam Community<\/title>\n<meta name=\"robots\" content=\"index, follow, max-snippet:-1, max-image-preview:large, max-video-preview:-1\" \/>\n<link rel=\"canonical\" href=\"https:\/\/cesam.community\/fr\/produit\/iea-day-formule-presentielle\/\" \/>\n<meta property=\"og:locale\" content=\"fr_FR\" \/>\n<meta property=\"og:type\" content=\"article\" \/>\n<meta property=\"og:title\" content=\"IEA Day | Formule pr\u00e9sentielle - Cesam Community\" \/>\n<meta property=\"og:description\" content=\"La formule pr\u00e9sentielle vous permet d&#039;assister \u00e0 l&#039;ensemble des pr\u00e9sentations ainsi qu&#039;aux diff\u00e9rentes pauses et au d\u00e9jeuner.  Le + de cette formule : La possibilit\u00e9 pendant la journ\u00e9e d&#039;\u00e9changer, partager, r\u00e9seauter\u00a0entre participants et\u00a0intervenants.  &nbsp;\" \/>\n<meta property=\"og:url\" content=\"https:\/\/cesam.community\/fr\/produit\/iea-day-formule-presentielle\/\" \/>\n<meta property=\"og:site_name\" content=\"Cesam Community\" \/>\n<meta property=\"article:modified_time\" content=\"2022-07-07T09:48:58+00:00\" \/>\n<meta property=\"og:image\" content=\"https:\/\/cesam.community\/wp-content\/uploads\/2022\/02\/Formule-virtuelle-2.png\" \/>\n\t<meta property=\"og:image:width\" content=\"800\" \/>\n\t<meta property=\"og:image:height\" content=\"800\" \/>\n\t<meta property=\"og:image:type\" content=\"image\/png\" \/>\n<meta name=\"twitter:card\" content=\"summary_large_image\" \/>\n<meta name=\"twitter:site\" content=\"@cesamcommunity\" \/>\n<script type=\"application\/ld+json\" class=\"yoast-schema-graph\">{\"@context\":\"https:\/\/schema.org\",\"@graph\":[{\"@type\":\"WebPage\",\"@id\":\"https:\/\/cesam.community\/fr\/produit\/iea-day-formule-presentielle\/\",\"url\":\"https:\/\/cesam.community\/fr\/produit\/iea-day-formule-presentielle\/\",\"name\":\"IEA Day | Formule pr\u00e9sentielle - Cesam Community\",\"isPartOf\":{\"@id\":\"https:\/\/cesam.community\/fr\/#website\"},\"primaryImageOfPage\":{\"@id\":\"https:\/\/cesam.community\/fr\/produit\/iea-day-formule-presentielle\/#primaryimage\"},\"image\":{\"@id\":\"https:\/\/cesam.community\/fr\/produit\/iea-day-formule-presentielle\/#primaryimage\"},\"thumbnailUrl\":\"https:\/\/cesam.community\/wp-content\/uploads\/2022\/02\/Formule-virtuelle-2.png\",\"datePublished\":\"2022-02-24T09:14:27+00:00\",\"dateModified\":\"2022-07-07T09:48:58+00:00\",\"breadcrumb\":{\"@id\":\"https:\/\/cesam.community\/fr\/produit\/iea-day-formule-presentielle\/#breadcrumb\"},\"inLanguage\":\"fr-FR\",\"potentialAction\":[{\"@type\":\"ReadAction\",\"target\":[\"https:\/\/cesam.community\/fr\/produit\/iea-day-formule-presentielle\/\"]}]},{\"@type\":\"ImageObject\",\"inLanguage\":\"fr-FR\",\"@id\":\"https:\/\/cesam.community\/fr\/produit\/iea-day-formule-presentielle\/#primaryimage\",\"url\":\"https:\/\/cesam.community\/wp-content\/uploads\/2022\/02\/Formule-virtuelle-2.png\",\"contentUrl\":\"https:\/\/cesam.community\/wp-content\/uploads\/2022\/02\/Formule-virtuelle-2.png\",\"width\":800,\"height\":800,\"caption\":\"Formule pr\u00e9sentielle - iead\"},{\"@type\":\"BreadcrumbList\",\"@id\":\"https:\/\/cesam.community\/fr\/produit\/iea-day-formule-presentielle\/#breadcrumb\",\"itemListElement\":[{\"@type\":\"ListItem\",\"position\":1,\"name\":\"Accueil\",\"item\":\"https:\/\/cesam.community\/fr\/\"},{\"@type\":\"ListItem\",\"position\":2,\"name\":\"Produits\",\"item\":\"https:\/\/cesam.community\/fr\/shop\/\"},{\"@type\":\"ListItem\",\"position\":3,\"name\":\"IEA Day | Formule pr\u00e9sentielle\"}]},{\"@type\":\"WebSite\",\"@id\":\"https:\/\/cesam.community\/fr\/#website\",\"url\":\"https:\/\/cesam.community\/fr\/\",\"name\":\"Cesam Community\",\"description\":\"La communaut\u00e9 CESAM\",\"publisher\":{\"@id\":\"https:\/\/cesam.community\/fr\/#organization\"},\"potentialAction\":[{\"@type\":\"SearchAction\",\"target\":{\"@type\":\"EntryPoint\",\"urlTemplate\":\"https:\/\/cesam.community\/fr\/?s={search_term_string}\"},\"query-input\":{\"@type\":\"PropertyValueSpecification\",\"valueRequired\":true,\"valueName\":\"search_term_string\"}}],\"inLanguage\":\"fr-FR\"},{\"@type\":\"Organization\",\"@id\":\"https:\/\/cesam.community\/fr\/#organization\",\"name\":\"CESAM Community\",\"url\":\"https:\/\/cesam.community\/fr\/\",\"logo\":{\"@type\":\"ImageObject\",\"inLanguage\":\"fr-FR\",\"@id\":\"https:\/\/cesam.community\/fr\/#\/schema\/logo\/image\/\",\"url\":\"https:\/\/cesam.community\/wp-content\/uploads\/2021\/04\/cesam_community_logo_v4.png\",\"contentUrl\":\"https:\/\/cesam.community\/wp-content\/uploads\/2021\/04\/cesam_community_logo_v4.png\",\"width\":7310,\"height\":1018,\"caption\":\"CESAM Community\"},\"image\":{\"@id\":\"https:\/\/cesam.community\/fr\/#\/schema\/logo\/image\/\"},\"sameAs\":[\"https:\/\/x.com\/cesamcommunity\",\"https:\/\/www.linkedin.com\/company\/community-cesam\/about\/\"]}]}<\/script>\n<!-- \/ Yoast SEO plugin. -->","yoast_head_json":{"title":"IEA Day | Formule pr\u00e9sentielle - Cesam Community","robots":{"index":"index","follow":"follow","max-snippet":"max-snippet:-1","max-image-preview":"max-image-preview:large","max-video-preview":"max-video-preview:-1"},"canonical":"https:\/\/cesam.community\/fr\/produit\/iea-day-formule-presentielle\/","og_locale":"fr_FR","og_type":"article","og_title":"IEA Day | Formule pr\u00e9sentielle - Cesam Community","og_description":"La formule pr\u00e9sentielle vous permet d'assister \u00e0 l'ensemble des pr\u00e9sentations ainsi qu'aux diff\u00e9rentes pauses et au d\u00e9jeuner.  Le + de cette formule : La possibilit\u00e9 pendant la journ\u00e9e d'\u00e9changer, partager, r\u00e9seauter\u00a0entre participants et\u00a0intervenants.  &nbsp;","og_url":"https:\/\/cesam.community\/fr\/produit\/iea-day-formule-presentielle\/","og_site_name":"Cesam Community","article_modified_time":"2022-07-07T09:48:58+00:00","og_image":[{"width":800,"height":800,"url":"https:\/\/cesam.community\/wp-content\/uploads\/2022\/02\/Formule-virtuelle-2.png","type":"image\/png"}],"twitter_card":"summary_large_image","twitter_site":"@cesamcommunity","schema":{"@context":"https:\/\/schema.org","@graph":[{"@type":"WebPage","@id":"https:\/\/cesam.community\/fr\/produit\/iea-day-formule-presentielle\/","url":"https:\/\/cesam.community\/fr\/produit\/iea-day-formule-presentielle\/","name":"IEA Day | Formule pr\u00e9sentielle - Cesam Community","isPartOf":{"@id":"https:\/\/cesam.community\/fr\/#website"},"primaryImageOfPage":{"@id":"https:\/\/cesam.community\/fr\/produit\/iea-day-formule-presentielle\/#primaryimage"},"image":{"@id":"https:\/\/cesam.community\/fr\/produit\/iea-day-formule-presentielle\/#primaryimage"},"thumbnailUrl":"https:\/\/cesam.community\/wp-content\/uploads\/2022\/02\/Formule-virtuelle-2.png","datePublished":"2022-02-24T09:14:27+00:00","dateModified":"2022-07-07T09:48:58+00:00","breadcrumb":{"@id":"https:\/\/cesam.community\/fr\/produit\/iea-day-formule-presentielle\/#breadcrumb"},"inLanguage":"fr-FR","potentialAction":[{"@type":"ReadAction","target":["https:\/\/cesam.community\/fr\/produit\/iea-day-formule-presentielle\/"]}]},{"@type":"ImageObject","inLanguage":"fr-FR","@id":"https:\/\/cesam.community\/fr\/produit\/iea-day-formule-presentielle\/#primaryimage","url":"https:\/\/cesam.community\/wp-content\/uploads\/2022\/02\/Formule-virtuelle-2.png","contentUrl":"https:\/\/cesam.community\/wp-content\/uploads\/2022\/02\/Formule-virtuelle-2.png","width":800,"height":800,"caption":"Formule pr\u00e9sentielle - iead"},{"@type":"BreadcrumbList","@id":"https:\/\/cesam.community\/fr\/produit\/iea-day-formule-presentielle\/#breadcrumb","itemListElement":[{"@type":"ListItem","position":1,"name":"Accueil","item":"https:\/\/cesam.community\/fr\/"},{"@type":"ListItem","position":2,"name":"Produits","item":"https:\/\/cesam.community\/fr\/shop\/"},{"@type":"ListItem","position":3,"name":"IEA Day | Formule pr\u00e9sentielle"}]},{"@type":"WebSite","@id":"https:\/\/cesam.community\/fr\/#website","url":"https:\/\/cesam.community\/fr\/","name":"Cesam Community","description":"La communaut\u00e9 CESAM","publisher":{"@id":"https:\/\/cesam.community\/fr\/#organization"},"potentialAction":[{"@type":"SearchAction","target":{"@type":"EntryPoint","urlTemplate":"https:\/\/cesam.community\/fr\/?s={search_term_string}"},"query-input":{"@type":"PropertyValueSpecification","valueRequired":true,"valueName":"search_term_string"}}],"inLanguage":"fr-FR"},{"@type":"Organization","@id":"https:\/\/cesam.community\/fr\/#organization","name":"CESAM Community","url":"https:\/\/cesam.community\/fr\/","logo":{"@type":"ImageObject","inLanguage":"fr-FR","@id":"https:\/\/cesam.community\/fr\/#\/schema\/logo\/image\/","url":"https:\/\/cesam.community\/wp-content\/uploads\/2021\/04\/cesam_community_logo_v4.png","contentUrl":"https:\/\/cesam.community\/wp-content\/uploads\/2021\/04\/cesam_community_logo_v4.png","width":7310,"height":1018,"caption":"CESAM Community"},"image":{"@id":"https:\/\/cesam.community\/fr\/#\/schema\/logo\/image\/"},"sameAs":["https:\/\/x.com\/cesamcommunity","https:\/\/www.linkedin.com\/company\/community-cesam\/about\/"]}]}},"_links":{"self":[{"href":"https:\/\/cesam.community\/fr\/wp-json\/wp\/v2\/product\/28592"}],"collection":[{"href":"https:\/\/cesam.community\/fr\/wp-json\/wp\/v2\/product"}],"about":[{"href":"https:\/\/cesam.community\/fr\/wp-json\/wp\/v2\/types\/product"}],"wp:featuredmedia":[{"embeddable":true,"href":"https:\/\/cesam.community\/fr\/wp-json\/wp\/v2\/media\/28593"}],"wp:attachment":[{"href":"https:\/\/cesam.community\/fr\/wp-json\/wp\/v2\/media?parent=28592"}],"wp:term":[{"taxonomy":"product_cat","embeddable":true,"href":"https:\/\/cesam.community\/fr\/wp-json\/wp\/v2\/product_cat?post=28592"},{"taxonomy":"product_tag","embeddable":true,"href":"https:\/\/cesam.community\/fr\/wp-json\/wp\/v2\/product_tag?post=28592"}],"curies":[{"name":"wp","href":"https:\/\/api.w.org\/{rel}","templated":true}]}}