{"id":29015,"date":"2022-03-17T09:39:34","date_gmt":"2022-03-17T08:39:34","guid":{"rendered":"https:\/\/cesam.community\/?post_type=product&#038;p=29015"},"modified":"2023-03-15T11:07:27","modified_gmt":"2023-03-15T10:07:27","slug":"formation-as-format-digital","status":"publish","type":"product","link":"https:\/\/cesam.community\/fr\/produit\/formation-as-format-digital\/","title":{"rendered":"Formation AS [format digital]"},"content":{"rendered":"<p style=\"text-align: justify;\"><span style=\"font-size: 10pt;\"><strong>Contenu de la formation :<br \/>\n<\/strong>La formation digitale comprend une s\u00e9rie de vid\u00e9os correspondant aux sous-chapitres de la formation. Ces vid\u00e9os sont accompagn\u00e9es du support de pr\u00e9sentation. A la fin de chaque chapitre, une vid\u00e9o d\u2019exercices et de questions-r\u00e9ponses est propos\u00e9e pour tester ses connaissances et mettre en pratique les points principaux pr\u00e9sent\u00e9s lors des videos.<\/span><\/p>\n<p style=\"text-align: justify;\"><span style=\"font-size: 10pt;\">A la fin du parcours, les stagiaires peuvent passer le test de <a href=\"https:\/\/cesam.community\/produit\/pass-certification-cesam-associate\/\">certification CESAM Associate<\/a> et rejoindre ainsi une communaut\u00e9 de plus de 8.000 personnes.<\/span><\/p>\n<p><span style=\"font-size: 10pt;\"><strong>Langue :\u00a0<\/strong>La formation est d\u00e9livr\u00e9e en anglais.<\/span><\/p>\n","protected":false},"excerpt":{"rendered":"<p style=\"text-align: justify;\">L\u2019objectif de cette formation digitale est de vous donner les cl\u00e9s et la m\u00e9thodologie pour concevoir de meilleurs produits en <strong>r\u00e9duisant les d\u00e9lais et les co\u00fbts de conception.<\/strong><\/p>\n<p style=\"text-align: justify;\"><strong>100% en ligne :\u00a0<\/strong>Suivez les sessions videos de formation en ligne et consultez les pr\u00e9sentations en toute autonomie.<\/p>\n<p style=\"text-align: justify;\"><strong>Dur\u00e9e :\u00a0<\/strong>La formation comprend 15 heures de videos (s\u00e9quences d\u20191h en moyenne).<\/p>\n<p style=\"text-align: justify;\"><b>Pr\u00e9-requis :<br \/>\nDisposer d\u2019au moins 3 ans d\u2019exp\u00e9rience dans le domaine de la conception et du management de syst\u00e8mes industriels complexes.<\/b><\/p>\n","protected":false},"featured_media":29017,"template":"","meta":[],"product_cat":[176],"product_tag":[],"yoast_head":"<!-- This site is optimized with the Yoast SEO plugin v24.2 - https:\/\/yoast.com\/wordpress\/plugins\/seo\/ -->\n<title>Formation Architecture Syst\u00e8me en ligne - Cesam Community<\/title>\n<meta name=\"description\" content=\"Formation 100% en ligne pour apprendre \u00e0 concevoir de meilleurs produits en r\u00e9duisant les d\u00e9lais et les co\u00fbts de conception.\" \/>\n<meta name=\"robots\" content=\"index, follow, max-snippet:-1, max-image-preview:large, max-video-preview:-1\" \/>\n<link rel=\"canonical\" href=\"https:\/\/cesam.community\/fr\/produit\/formation-as-format-digital\/\" \/>\n<meta property=\"og:locale\" content=\"fr_FR\" \/>\n<meta property=\"og:type\" content=\"article\" \/>\n<meta property=\"og:title\" content=\"Formation Architecture Syst\u00e8me en ligne - Cesam Community\" \/>\n<meta property=\"og:description\" content=\"Formation 100% en ligne pour apprendre \u00e0 concevoir de meilleurs produits en r\u00e9duisant les d\u00e9lais et les co\u00fbts de conception.\" \/>\n<meta property=\"og:url\" content=\"https:\/\/cesam.community\/fr\/produit\/formation-as-format-digital\/\" \/>\n<meta property=\"og:site_name\" content=\"Cesam Community\" \/>\n<meta property=\"article:modified_time\" content=\"2023-03-15T10:07:27+00:00\" \/>\n<meta property=\"og:image\" content=\"https:\/\/cesam.community\/wp-content\/uploads\/2022\/03\/Formule-virtuelle-3.png\" \/>\n\t<meta property=\"og:image:width\" content=\"800\" \/>\n\t<meta property=\"og:image:height\" content=\"800\" \/>\n\t<meta property=\"og:image:type\" content=\"image\/png\" \/>\n<meta name=\"twitter:card\" content=\"summary_large_image\" \/>\n<meta name=\"twitter:site\" content=\"@cesamcommunity\" \/>\n<meta name=\"twitter:label1\" content=\"Dur\u00e9e de lecture estim\u00e9e\" \/>\n\t<meta name=\"twitter:data1\" content=\"1 minute\" \/>\n<script type=\"application\/ld+json\" class=\"yoast-schema-graph\">{\"@context\":\"https:\/\/schema.org\",\"@graph\":[{\"@type\":\"WebPage\",\"@id\":\"https:\/\/cesam.community\/fr\/produit\/formation-as-format-digital\/\",\"url\":\"https:\/\/cesam.community\/fr\/produit\/formation-as-format-digital\/\",\"name\":\"Formation Architecture Syst\u00e8me en ligne - Cesam Community\",\"isPartOf\":{\"@id\":\"https:\/\/cesam.community\/fr\/#website\"},\"primaryImageOfPage\":{\"@id\":\"https:\/\/cesam.community\/fr\/produit\/formation-as-format-digital\/#primaryimage\"},\"image\":{\"@id\":\"https:\/\/cesam.community\/fr\/produit\/formation-as-format-digital\/#primaryimage\"},\"thumbnailUrl\":\"https:\/\/cesam.community\/wp-content\/uploads\/2022\/03\/Formule-virtuelle-3.png\",\"datePublished\":\"2022-03-17T08:39:34+00:00\",\"dateModified\":\"2023-03-15T10:07:27+00:00\",\"description\":\"Formation 100% en ligne pour apprendre \u00e0 concevoir de meilleurs produits en r\u00e9duisant les d\u00e9lais et les co\u00fbts de conception.\",\"breadcrumb\":{\"@id\":\"https:\/\/cesam.community\/fr\/produit\/formation-as-format-digital\/#breadcrumb\"},\"inLanguage\":\"fr-FR\",\"potentialAction\":[{\"@type\":\"ReadAction\",\"target\":[\"https:\/\/cesam.community\/fr\/produit\/formation-as-format-digital\/\"]}]},{\"@type\":\"ImageObject\",\"inLanguage\":\"fr-FR\",\"@id\":\"https:\/\/cesam.community\/fr\/produit\/formation-as-format-digital\/#primaryimage\",\"url\":\"https:\/\/cesam.community\/wp-content\/uploads\/2022\/03\/Formule-virtuelle-3.png\",\"contentUrl\":\"https:\/\/cesam.community\/wp-content\/uploads\/2022\/03\/Formule-virtuelle-3.png\",\"width\":800,\"height\":800},{\"@type\":\"BreadcrumbList\",\"@id\":\"https:\/\/cesam.community\/fr\/produit\/formation-as-format-digital\/#breadcrumb\",\"itemListElement\":[{\"@type\":\"ListItem\",\"position\":1,\"name\":\"Accueil\",\"item\":\"https:\/\/cesam.community\/fr\/\"},{\"@type\":\"ListItem\",\"position\":2,\"name\":\"Produits\",\"item\":\"https:\/\/cesam.community\/fr\/shop\/\"},{\"@type\":\"ListItem\",\"position\":3,\"name\":\"Formation AS [format digital]\"}]},{\"@type\":\"WebSite\",\"@id\":\"https:\/\/cesam.community\/fr\/#website\",\"url\":\"https:\/\/cesam.community\/fr\/\",\"name\":\"Cesam Community\",\"description\":\"La communaut\u00e9 CESAM\",\"publisher\":{\"@id\":\"https:\/\/cesam.community\/fr\/#organization\"},\"potentialAction\":[{\"@type\":\"SearchAction\",\"target\":{\"@type\":\"EntryPoint\",\"urlTemplate\":\"https:\/\/cesam.community\/fr\/?s={search_term_string}\"},\"query-input\":{\"@type\":\"PropertyValueSpecification\",\"valueRequired\":true,\"valueName\":\"search_term_string\"}}],\"inLanguage\":\"fr-FR\"},{\"@type\":\"Organization\",\"@id\":\"https:\/\/cesam.community\/fr\/#organization\",\"name\":\"CESAM Community\",\"url\":\"https:\/\/cesam.community\/fr\/\",\"logo\":{\"@type\":\"ImageObject\",\"inLanguage\":\"fr-FR\",\"@id\":\"https:\/\/cesam.community\/fr\/#\/schema\/logo\/image\/\",\"url\":\"https:\/\/cesam.community\/wp-content\/uploads\/2021\/04\/cesam_community_logo_v4.png\",\"contentUrl\":\"https:\/\/cesam.community\/wp-content\/uploads\/2021\/04\/cesam_community_logo_v4.png\",\"width\":7310,\"height\":1018,\"caption\":\"CESAM Community\"},\"image\":{\"@id\":\"https:\/\/cesam.community\/fr\/#\/schema\/logo\/image\/\"},\"sameAs\":[\"https:\/\/x.com\/cesamcommunity\",\"https:\/\/www.linkedin.com\/company\/community-cesam\/about\/\"]}]}<\/script>\n<!-- \/ Yoast SEO plugin. -->","yoast_head_json":{"title":"Formation Architecture Syst\u00e8me en ligne - Cesam Community","description":"Formation 100% en ligne pour apprendre \u00e0 concevoir de meilleurs produits en r\u00e9duisant les d\u00e9lais et les co\u00fbts de conception.","robots":{"index":"index","follow":"follow","max-snippet":"max-snippet:-1","max-image-preview":"max-image-preview:large","max-video-preview":"max-video-preview:-1"},"canonical":"https:\/\/cesam.community\/fr\/produit\/formation-as-format-digital\/","og_locale":"fr_FR","og_type":"article","og_title":"Formation Architecture Syst\u00e8me en ligne - Cesam Community","og_description":"Formation 100% en ligne pour apprendre \u00e0 concevoir de meilleurs produits en r\u00e9duisant les d\u00e9lais et les co\u00fbts de conception.","og_url":"https:\/\/cesam.community\/fr\/produit\/formation-as-format-digital\/","og_site_name":"Cesam Community","article_modified_time":"2023-03-15T10:07:27+00:00","og_image":[{"width":800,"height":800,"url":"https:\/\/cesam.community\/wp-content\/uploads\/2022\/03\/Formule-virtuelle-3.png","type":"image\/png"}],"twitter_card":"summary_large_image","twitter_site":"@cesamcommunity","twitter_misc":{"Dur\u00e9e de lecture estim\u00e9e":"1 minute"},"schema":{"@context":"https:\/\/schema.org","@graph":[{"@type":"WebPage","@id":"https:\/\/cesam.community\/fr\/produit\/formation-as-format-digital\/","url":"https:\/\/cesam.community\/fr\/produit\/formation-as-format-digital\/","name":"Formation Architecture Syst\u00e8me en ligne - Cesam Community","isPartOf":{"@id":"https:\/\/cesam.community\/fr\/#website"},"primaryImageOfPage":{"@id":"https:\/\/cesam.community\/fr\/produit\/formation-as-format-digital\/#primaryimage"},"image":{"@id":"https:\/\/cesam.community\/fr\/produit\/formation-as-format-digital\/#primaryimage"},"thumbnailUrl":"https:\/\/cesam.community\/wp-content\/uploads\/2022\/03\/Formule-virtuelle-3.png","datePublished":"2022-03-17T08:39:34+00:00","dateModified":"2023-03-15T10:07:27+00:00","description":"Formation 100% en ligne pour apprendre \u00e0 concevoir de meilleurs produits en r\u00e9duisant les d\u00e9lais et les co\u00fbts de conception.","breadcrumb":{"@id":"https:\/\/cesam.community\/fr\/produit\/formation-as-format-digital\/#breadcrumb"},"inLanguage":"fr-FR","potentialAction":[{"@type":"ReadAction","target":["https:\/\/cesam.community\/fr\/produit\/formation-as-format-digital\/"]}]},{"@type":"ImageObject","inLanguage":"fr-FR","@id":"https:\/\/cesam.community\/fr\/produit\/formation-as-format-digital\/#primaryimage","url":"https:\/\/cesam.community\/wp-content\/uploads\/2022\/03\/Formule-virtuelle-3.png","contentUrl":"https:\/\/cesam.community\/wp-content\/uploads\/2022\/03\/Formule-virtuelle-3.png","width":800,"height":800},{"@type":"BreadcrumbList","@id":"https:\/\/cesam.community\/fr\/produit\/formation-as-format-digital\/#breadcrumb","itemListElement":[{"@type":"ListItem","position":1,"name":"Accueil","item":"https:\/\/cesam.community\/fr\/"},{"@type":"ListItem","position":2,"name":"Produits","item":"https:\/\/cesam.community\/fr\/shop\/"},{"@type":"ListItem","position":3,"name":"Formation AS [format digital]"}]},{"@type":"WebSite","@id":"https:\/\/cesam.community\/fr\/#website","url":"https:\/\/cesam.community\/fr\/","name":"Cesam Community","description":"La communaut\u00e9 CESAM","publisher":{"@id":"https:\/\/cesam.community\/fr\/#organization"},"potentialAction":[{"@type":"SearchAction","target":{"@type":"EntryPoint","urlTemplate":"https:\/\/cesam.community\/fr\/?s={search_term_string}"},"query-input":{"@type":"PropertyValueSpecification","valueRequired":true,"valueName":"search_term_string"}}],"inLanguage":"fr-FR"},{"@type":"Organization","@id":"https:\/\/cesam.community\/fr\/#organization","name":"CESAM Community","url":"https:\/\/cesam.community\/fr\/","logo":{"@type":"ImageObject","inLanguage":"fr-FR","@id":"https:\/\/cesam.community\/fr\/#\/schema\/logo\/image\/","url":"https:\/\/cesam.community\/wp-content\/uploads\/2021\/04\/cesam_community_logo_v4.png","contentUrl":"https:\/\/cesam.community\/wp-content\/uploads\/2021\/04\/cesam_community_logo_v4.png","width":7310,"height":1018,"caption":"CESAM Community"},"image":{"@id":"https:\/\/cesam.community\/fr\/#\/schema\/logo\/image\/"},"sameAs":["https:\/\/x.com\/cesamcommunity","https:\/\/www.linkedin.com\/company\/community-cesam\/about\/"]}]}},"_links":{"self":[{"href":"https:\/\/cesam.community\/fr\/wp-json\/wp\/v2\/product\/29015"}],"collection":[{"href":"https:\/\/cesam.community\/fr\/wp-json\/wp\/v2\/product"}],"about":[{"href":"https:\/\/cesam.community\/fr\/wp-json\/wp\/v2\/types\/product"}],"wp:featuredmedia":[{"embeddable":true,"href":"https:\/\/cesam.community\/fr\/wp-json\/wp\/v2\/media\/29017"}],"wp:attachment":[{"href":"https:\/\/cesam.community\/fr\/wp-json\/wp\/v2\/media?parent=29015"}],"wp:term":[{"taxonomy":"product_cat","embeddable":true,"href":"https:\/\/cesam.community\/fr\/wp-json\/wp\/v2\/product_cat?post=29015"},{"taxonomy":"product_tag","embeddable":true,"href":"https:\/\/cesam.community\/fr\/wp-json\/wp\/v2\/product_tag?post=29015"}],"curies":[{"name":"wp","href":"https:\/\/api.w.org\/{rel}","templated":true}]}}